{"id":12690,"date":"2021-01-15T11:22:40","date_gmt":"2021-01-15T10:22:40","guid":{"rendered":"http:\/\/onclepaul.fr\/?page_id=12690"},"modified":"2021-11-26T18:42:28","modified_gmt":"2021-11-26T17:42:28","slug":"technologie-irm","status":"publish","type":"page","link":"https:\/\/onclepaul.fr\/?page_id=12690","title":{"rendered":"Technologie IRM"},"content":{"rendered":"\n<ul><li><a href=\"http:\/\/onclepaul.fr\/wp-content\/uploads\/2011\/07\/le-chant-des-protons-Alain-Coussement.pdf\">le chant des protons Alain Coussement<\/a><\/li><li><a href=\"http:\/\/onclepaul.net\/wp-content\/uploads\/2011\/07\/Intro-vl-juin-2011FILEminimizer.pps\">Introduction ateliers IRM<\/a><\/li><li><a href=\"http:\/\/onclepaul.net\/wp-content\/uploads\/2011\/07\/Aspects-techniques-juin-2011FILEminimizer.pps\">IRM aspects techniques<\/a><\/li><li><a href=\"http:\/\/onclepaul.net\/wp-content\/uploads\/2011\/07\/cours-FSN-juin-2011-AGFILEminimizer.pps\">IRM produits de contraste<\/a><\/li><li><a href=\"http:\/\/onclepaul.net\/wp-content\/uploads\/2011\/07\/IRM-CE-avec-DWI-juin-2011FILEminimizer.pps\">IRM diffusion corps entier<\/a><\/li><li><a href=\"http:\/\/onclepaul.net\/wp-content\/uploads\/2011\/07\/IRM-et-Foie-juin-2011FILEminimizer1.pps\">IRM foie<\/a><\/li><li><a href=\"http:\/\/onclepaul.net\/wp-content\/uploads\/2011\/07\/PANCREAS-2011FILEminimizer.pps\">IRM pancr\u00e9as<\/a><\/li><li><a href=\"http:\/\/onclepaul.net\/wp-content\/uploads\/2011\/07\/VB-b\u00e9nignesFILEminimizer.pps\">IRM pathologies non tumorales des voies \u00a0biliaire<\/a><\/li><li><a href=\"http:\/\/onclepaul.net\/wp-content\/uploads\/2011\/07\/VB-malignesFILEminimizer.pps\">IRM pathologies tumorales des voies biliaire<\/a><\/li><li><a href=\"http:\/\/onclepaul.fr\/wp-content\/uploads\/2011\/07\/50-Shades-of-neuroradiological-grey7.pdf\">50 Shades of neuroradiological grey<\/a><\/li><li><a href=\"http:\/\/onclepaul.fr\/wp-content\/uploads\/2011\/07\/La-femme-enceinte-en-imagerie-pire-angoisse-du-radiologue-New-JFR-2020.pdf\">La femme enceinte en imagerie pire angoisse du radiologue New- JFR 2020<\/a><\/li><\/ul>\n\n\n\n<p><\/p>\n\n\n\n<h3 class=\"wp-block-heading\"><strong>Publications<\/strong><\/h3>\n\n\n\n<ul><li><a href=\"http:\/\/onclepaul.net\/wp-content\/uploads\/2011\/07\/LIRM-\u00e0-champ-mod\u00e9r\u00e9FILEminimizer.pdf\">L&rsquo;IRM \u00e0 champ mod\u00e9r\u00e9, Rev. Im. M\u00e9d., 1991<\/a><\/li><li><a href=\"http:\/\/onclepaul.net\/wp-content\/uploads\/2011\/07\/Cholangio-pancr\u00e9atographie-IRM-en-s\u00e9quence-single-shot-fast-spin-echo.pdf\">Cholangio-pancr\u00e9atographie IRM en s\u00e9quence single shot fast spin echo, J. Radiol., 1998<\/a><\/li><li><a href=\"http:\/\/onclepaul.net\/wp-content\/uploads\/2011\/07\/Angio-IRM-des-membres-inf\u00e9rieurs-par-suivi-dembole-sans-soustraction.pdf\">Angio-IRM des membres inf\u00e9rieurs par suivi d&#8217;embole sans soustraction, J. Radiol., 1999&nbsp;<\/a><\/li><li><a href=\"http:\/\/onclepaul.net\/wp-content\/uploads\/2011\/07\/La-perspective-dune-\u00e9tude-dynamique-des-art\u00e8res-des-membres-inf.-en-IRM-ECTRICKS.pdf\">La perspective d&rsquo;une \u00e9tude dynamique des art\u00e8res des membres inf. en IRM (ECTRICKS), J. Radiol., 2005<\/a><\/li><\/ul>\n","protected":false},"excerpt":{"rendered":"<p>le chant des protons Alain Coussement Introduction ateliers IRM IRM aspects techniques IRM produits de contraste IRM diffusion corps entier IRM foie IRM pancr\u00e9as IRM pathologies non tumorales des voies \u00a0biliaire IRM pathologies tumorales des voies biliaire 50 Shades of neuroradiological grey La femme enceinte en imagerie pire angoisse du radiologue New- JFR 2020 Publications &hellip; <\/p>\n<p><a class=\"more-link btn\" href=\"https:\/\/onclepaul.fr\/?page_id=12690\">Lire la suite<\/a><\/p>\n","protected":false},"author":1,"featured_media":0,"parent":12684,"menu_order":3,"comment_status":"closed","ping_status":"closed","template":"","meta":[],"_links":{"self":[{"href":"https:\/\/onclepaul.fr\/index.php?rest_route=\/wp\/v2\/pages\/12690"}],"collection":[{"href":"https:\/\/onclepaul.fr\/index.php?rest_route=\/wp\/v2\/pages"}],"about":[{"href":"https:\/\/onclepaul.fr\/index.php?rest_route=\/wp\/v2\/types\/page"}],"author":[{"embeddable":true,"href":"https:\/\/onclepaul.fr\/index.php?rest_route=\/wp\/v2\/users\/1"}],"replies":[{"embeddable":true,"href":"https:\/\/onclepaul.fr\/index.php?rest_route=%2Fwp%2Fv2%2Fcomments&post=12690"}],"version-history":[{"count":5,"href":"https:\/\/onclepaul.fr\/index.php?rest_route=\/wp\/v2\/pages\/12690\/revisions"}],"predecessor-version":[{"id":13414,"href":"https:\/\/onclepaul.fr\/index.php?rest_route=\/wp\/v2\/pages\/12690\/revisions\/13414"}],"up":[{"embeddable":true,"href":"https:\/\/onclepaul.fr\/index.php?rest_route=\/wp\/v2\/pages\/12684"}],"wp:attachment":[{"href":"https:\/\/onclepaul.fr\/index.php?rest_route=%2Fwp%2Fv2%2Fmedia&parent=12690"}],"curies":[{"name":"wp","href":"https:\/\/api.w.org\/{rel}","templated":true}]}}