{"id":12692,"date":"2021-01-15T11:23:08","date_gmt":"2021-01-15T10:23:08","guid":{"rendered":"http:\/\/onclepaul.fr\/?page_id=12692"},"modified":"2021-11-26T18:42:48","modified_gmt":"2021-11-26T17:42:48","slug":"radioprotection","status":"publish","type":"page","link":"https:\/\/onclepaul.fr\/?page_id=12692","title":{"rendered":"Radioprotection"},"content":{"rendered":"\n<p><\/p>\n\n\n\n<p><\/p>\n\n\n\n<ul><li><a href=\"http:\/\/onclepaul.fr\/wp-content\/uploads\/2011\/07\/s%C3%A9rendipit%C3%A9-power-point8.pdf\">S\u00e9rendipit\u00e9 et radiologie, de WC Roentgen \u00e0 Morton Meyers<\/a><\/li><li><a href=\"http:\/\/onclepaul.net\/wp-content\/uploads\/2011\/07\/RADIOPROTECTION-2009-1FILEminimizer.pps\">Radioprotection <strong>01<\/strong><\/a><\/li><li><a href=\"http:\/\/onclepaul.net\/wp-content\/uploads\/2011\/07\/RADIOPROTECTION-2009-2FILEminimizer.pps\">Radioprotection <strong>02<\/strong><\/a><\/li><li><a href=\"http:\/\/onclepaul.fr\/wp-content\/uploads\/2011\/07\/La-femme-enceinte-en-imagerie-pire-angoisse-du-radiologue-New-JFR-2020.pdf\">La femme enceinte en imagerie pire angoisse du radiologue New- JFR 2020<\/a><\/li><li><a href=\"http:\/\/onclepaul.fr\/wp-content\/uploads\/2011\/07\/ALARA-vs-AHARA1.ppt\">ALARA vs AHARA<\/a><\/li><li><a href=\"http:\/\/onclepaul.net\/wp-content\/uploads\/2011\/07\/radioprotection-externes-PN-2009+++.pptFILEminimizer.pps\">Radioprotection &#8211; bases th\u00e9oriques et pratiques\u00a0 2009<\/a>\u00a0<\/li><li><a href=\"http:\/\/onclepaul.net\/wp-content\/uploads\/2011\/07\/n%C2%B0074-RADIOPROTECTIONFILEminimizer1.pdf\">ECN 074 bases radiobiologie<\/a><\/li><\/ul>\n\n\n\n<p><\/p>\n","protected":false},"excerpt":{"rendered":"<p>S\u00e9rendipit\u00e9 et radiologie, de WC Roentgen \u00e0 Morton Meyers Radioprotection 01 Radioprotection 02 La femme enceinte en imagerie pire angoisse du radiologue New- JFR 2020 ALARA vs AHARA Radioprotection &#8211; bases th\u00e9oriques et pratiques\u00a0 2009\u00a0 ECN 074 bases radiobiologie<\/p>\n","protected":false},"author":1,"featured_media":0,"parent":12684,"menu_order":4,"comment_status":"closed","ping_status":"closed","template":"","meta":[],"_links":{"self":[{"href":"https:\/\/onclepaul.fr\/index.php?rest_route=\/wp\/v2\/pages\/12692"}],"collection":[{"href":"https:\/\/onclepaul.fr\/index.php?rest_route=\/wp\/v2\/pages"}],"about":[{"href":"https:\/\/onclepaul.fr\/index.php?rest_route=\/wp\/v2\/types\/page"}],"author":[{"embeddable":true,"href":"https:\/\/onclepaul.fr\/index.php?rest_route=\/wp\/v2\/users\/1"}],"replies":[{"embeddable":true,"href":"https:\/\/onclepaul.fr\/index.php?rest_route=%2Fwp%2Fv2%2Fcomments&post=12692"}],"version-history":[{"count":11,"href":"https:\/\/onclepaul.fr\/index.php?rest_route=\/wp\/v2\/pages\/12692\/revisions"}],"predecessor-version":[{"id":13415,"href":"https:\/\/onclepaul.fr\/index.php?rest_route=\/wp\/v2\/pages\/12692\/revisions\/13415"}],"up":[{"embeddable":true,"href":"https:\/\/onclepaul.fr\/index.php?rest_route=\/wp\/v2\/pages\/12684"}],"wp:attachment":[{"href":"https:\/\/onclepaul.fr\/index.php?rest_route=%2Fwp%2Fv2%2Fmedia&parent=12692"}],"curies":[{"name":"wp","href":"https:\/\/api.w.org\/{rel}","templated":true}]}}