{"id":12702,"date":"2021-01-15T11:51:46","date_gmt":"2021-01-15T10:51:46","guid":{"rendered":"http:\/\/onclepaul.fr\/?page_id=12702"},"modified":"2025-11-14T17:07:23","modified_gmt":"2025-11-14T16:07:23","slug":"neuro-ophtalmologie","status":"publish","type":"page","link":"https:\/\/onclepaul.fr\/?page_id=12702","title":{"rendered":"Neuro-ophtalmologie"},"content":{"rendered":"\n<p><strong>PATHOLOGIES INFLAMMATOIRES<\/strong><\/p>\n\n\n\n<ul>\n<li><a href=\"http:\/\/onclepaul.fr\/wp-content\/uploads\/2011\/07\/SEP-et-IRM-les-diagnostics-diff%C3%A9rentiels.pdf\">SEP et IRM les diagnostics diff\u00e9rentiels<\/a><\/li>\n\n\n\n<li><a href=\"http:\/\/onclepaul.fr\/wp-content\/uploads\/2011\/07\/SEP-et-IRM-Gado.pdf\">SEP et IRM &#8211; Derni\u00e8res donn\u00e9es sur le Gadolinium<\/a><\/li>\n\n\n\n<li><a href=\"http:\/\/onclepaul.fr\/wp-content\/uploads\/2011\/07\/SEP-et-Cognition-13.02.20.pdf\">SEP et Cognition \/ Apport des s\u00e9quences de susceptibilit\u00e9 magn\u00e9tique<\/a><\/li>\n<\/ul>\n\n\n\n<p><\/p>\n\n\n\n<p><strong>PATHOLOGIES INFECTIEUSES<\/strong><\/p>\n\n\n\n<ul>\n<li><a href=\"http:\/\/onclepaul.fr\/wp-content\/uploads\/2011\/07\/Maladies-a-Prions-RD-2021.pdf\">Maladies \u00e0 Prions RD 2021<\/a><\/li>\n\n\n\n<li><a href=\"http:\/\/onclepaul.fr\/wp-content\/uploads\/2011\/07\/Infections-parasitaires-du-SNC-RD-2021.pdf\">Infections parasitaires du SNC &#8211; RD 2021<\/a><\/li>\n\n\n\n<li><a href=\"http:\/\/onclepaul.fr\/wp-content\/uploads\/2011\/07\/Imagerie-des-atteintes-fongiques-du-SNC-JFR-2017.pdf\">Imagerie des atteintes fongiques du SNC<\/a><\/li>\n<\/ul>\n\n\n\n<p>Cas cliniques<\/p>\n\n\n\n<ul>\n<li><a href=\"http:\/\/onclepaul.fr\/wp-content\/uploads\/2011\/07\/miliaire-et-m\u00e9ningite-tuberculeuse.pdf\">Miliaire et m\u00e9ningite tuberculeuse<\/a><\/li>\n\n\n\n<li><a href=\"http:\/\/onclepaul.fr\/wp-content\/uploads\/2011\/07\/Tumeur-de-Pott.pdf\">Pott&rsquo;s puffy tumor &#8211; Tumeur bouffie de Pott<\/a><\/li>\n<\/ul>\n\n\n\n<p><\/p>\n\n\n\n<p><strong>PATHOLOGIES TUMORALES<\/strong><\/p>\n\n\n\n<ul>\n<li><a href=\"http:\/\/onclepaul.fr\/wp-content\/uploads\/2011\/07\/Tumeurs-c%C3%A9r%C3%A9brales-RD-2018-DIU-ONO.pdf\">Tumeurs c\u00e9r\u00e9brales&nbsp;<\/a><\/li>\n\n\n\n<li><a href=\"http:\/\/onclepaul.fr\/wp-content\/uploads\/2011\/07\/Imagerie-post-th%C3%A9rapeutique-RD-2018.pdf\">Imagerie post-th\u00e9rapeutique&nbsp;<\/a><\/li>\n\n\n\n<li><a href=\"http:\/\/onclepaul.fr\/wp-content\/uploads\/2011\/07\/l%C3%A9sions-intra-cr%C3%A2niennes-%C3%A0-composante-graisseuse-JFR-2017.pdf\">L\u00e9sions intra-cr\u00e2niennes \u00e0 composante graisseuse&nbsp;<\/a><\/li>\n\n\n\n<li><a href=\"http:\/\/onclepaul.fr\/wp-content\/uploads\/2011\/07\/Imagerie-des-chordomes-JFR-2017-G.-DODIN-CHRU-NANCY-Neuroradiologie.pdf\">Imagerie des chordomes&nbsp;<\/a><\/li>\n\n\n\n<li><a href=\"http:\/\/onclepaul.fr\/wp-content\/uploads\/2011\/07\/Imagerie-des-plexus-choro%C3%AFdes-du-normal-au-pathologique-JFR-2017.pdf\">Imagerie des plexus choro\u00efdes du normal au pathologique&nbsp;<\/a><\/li>\n\n\n\n<li><a href=\"http:\/\/onclepaul.fr\/wp-content\/uploads\/2011\/07\/L%C3%A9sions-tumorales-et-pseudotumorales-des-nerfs-p%C3%A9riph%C3%A9riques-IG.pdf\">Tumeurs et pseudotumeurs des nerfs p\u00e9riph\u00e9riques&nbsp;<\/a><\/li>\n\n\n\n<li><a href=\"http:\/\/onclepaul.fr\/wp-content\/uploads\/2011\/07\/tumeurs-fibreuses-solitaires-2014-RD++++.pdf\">Tumeurs fibreuses solitaires&nbsp;<\/a><\/li>\n<\/ul>\n\n\n\n<p>Cas cliniques<\/p>\n\n\n\n<ul>\n<li><a href=\"http:\/\/onclepaul.fr\/wp-content\/uploads\/2011\/07\/blue-rubber-bled-nevus-syndrome.pdf\">Blue rubber bled nevus syndrome<\/a><\/li>\n\n\n\n<li><a href=\"http:\/\/onclepaul.fr\/wp-content\/uploads\/2011\/07\/VHL-pancreas-1.pdf\">Maladie de Von Hippel Lindau&nbsp;<\/a><\/li>\n<\/ul>\n\n\n\n<p><\/p>\n\n\n\n<p><strong>PATHOLOGIES VASCULAIRES<\/strong><\/p>\n\n\n\n<ul>\n<li><a href=\"http:\/\/onclepaul.fr\/wp-content\/uploads\/2011\/07\/AVC-ischemiques-.-RD-2021.pdf\">AVC isch\u00e9miques . RD 2021<\/a><\/li>\n\n\n\n<li><a href=\"http:\/\/onclepaul.fr\/wp-content\/uploads\/2011\/07\/Microbleeds-Devenez-un-bloodstain-pattern-analyst-RD-2025.pdf\">Microbleeds &#8211; Devenez un bloodstain pattern analyst -RD 2025<\/a><\/li>\n<\/ul>\n\n\n\n<p>Cas cliniques<\/p>\n\n\n\n<ul>\n<li><a href=\"http:\/\/onclepaul.fr\/wp-content\/uploads\/2011\/07\/sd-de-Claude-Bernard-Horner1.pdf\">Syndrome de&nbsp; Claude Bernard-Horner<\/a><\/li>\n<\/ul>\n\n\n\n<p><\/p>\n\n\n\n<p><strong>PATHOLOGIES METABOLIQUES ET GENETIQUES<\/strong><\/p>\n\n\n\n<ul>\n<li><a href=\"http:\/\/onclepaul.fr\/wp-content\/uploads\/2011\/07\/Memoire.pdf\">Aspect en Imagerie du Syndrome RAVINE &#8211; RD 2016<\/a><\/li>\n<\/ul>\n\n\n\n<p><\/p>\n\n\n\n<p><strong>MISCELLANEUS<\/strong><\/p>\n\n\n\n<ul>\n<li><a href=\"http:\/\/onclepaul.fr\/wp-content\/uploads\/2011\/07\/ONO-Trauma-cranio-encephalique-2025.pdf\">ONO &#8211; Trauma cranio-enc\u00e9phalique 2025<\/a><\/li>\n\n\n\n<li><a href=\"http:\/\/onclepaul.fr\/wp-content\/uploads\/2011\/07\/Anatomie-RD-017-Copie-2.pdf\">Anatomie RD 017<\/a><\/li>\n\n\n\n<li><a href=\"http:\/\/onclepaul.fr\/wp-content\/uploads\/2011\/07\/50-Shades-of-neuroradiological-grey2.pdf\">50 Shades of neuroradiological grey<\/a><\/li>\n\n\n\n<li><a href=\"http:\/\/onclepaul.fr\/wp-content\/uploads\/2011\/07\/Status-epilepticus-JFR-2018.pdf\">Status epilepticus&nbsp;<\/a><\/li>\n\n\n\n<li><a href=\"http:\/\/onclepaul.fr\/wp-content\/uploads\/2011\/07\/Malformations-kystiques-et-pseudo-kystiques-de-la-fosse-post\u00e9rieure-JFR-2018.pdf\">Malformations kystiques et pseudo-kystiques de la fosse post\u00e9rieure<\/a><\/li>\n\n\n\n<li><a href=\"http:\/\/onclepaul.fr\/wp-content\/uploads\/2011\/07\/Imagerie-des-dysraphismes-spinaux-JFR-20181.pdf\">Imagerie des dysraphismes spinaux\u00a0<\/a><\/li>\n\n\n\n<li><a href=\"http:\/\/onclepaul.fr\/wp-content\/uploads\/2011\/07\/Cours-OH-Toxicomanie-RD-2017.pdf\">SNC alcoolisme toxicomanie&nbsp;<\/a><\/li>\n\n\n\n<li><a href=\"http:\/\/onclepaul.fr\/wp-content\/uploads\/2011\/07\/Radio-de-valve-A-Simler.pdf\">Radio de valve A Simler<\/a><\/li>\n\n\n\n<li><a href=\"http:\/\/onclepaul.fr\/wp-content\/uploads\/2011\/07\/Leave-me-alone-lesions-en-neuroradiologie-RD-2025.pdf\">Leave me alone lesions en neuroradiologie &#8211; RD 2025<\/a><\/li>\n<\/ul>\n\n\n\n<p><\/p>\n\n\n\n<p><strong>PATHOLOGIES OPHTALMOLOGIQUES<\/strong><\/p>\n\n\n\n<ul>\n<li><a href=\"http:\/\/onclepaul.fr\/wp-content\/uploads\/2011\/07\/C_est-quoi-ce-truc-dans-l_oeil-JFR-2018.pdf\">C&rsquo;est quoi ce truc dans l&rsquo;oeil ?&nbsp;<\/a><\/li>\n<\/ul>\n","protected":false},"excerpt":{"rendered":"<p>PATHOLOGIES INFLAMMATOIRES PATHOLOGIES INFECTIEUSES Cas cliniques PATHOLOGIES TUMORALES Cas cliniques PATHOLOGIES VASCULAIRES Cas cliniques PATHOLOGIES METABOLIQUES ET GENETIQUES MISCELLANEUS PATHOLOGIES OPHTALMOLOGIQUES<\/p>\n","protected":false},"author":1,"featured_media":0,"parent":12680,"menu_order":7,"comment_status":"closed","ping_status":"closed","template":"","meta":[],"_links":{"self":[{"href":"https:\/\/onclepaul.fr\/index.php?rest_route=\/wp\/v2\/pages\/12702"}],"collection":[{"href":"https:\/\/onclepaul.fr\/index.php?rest_route=\/wp\/v2\/pages"}],"about":[{"href":"https:\/\/onclepaul.fr\/index.php?rest_route=\/wp\/v2\/types\/page"}],"author":[{"embeddable":true,"href":"https:\/\/onclepaul.fr\/index.php?rest_route=\/wp\/v2\/users\/1"}],"replies":[{"embeddable":true,"href":"https:\/\/onclepaul.fr\/index.php?rest_route=%2Fwp%2Fv2%2Fcomments&post=12702"}],"version-history":[{"count":25,"href":"https:\/\/onclepaul.fr\/index.php?rest_route=\/wp\/v2\/pages\/12702\/revisions"}],"predecessor-version":[{"id":13561,"href":"https:\/\/onclepaul.fr\/index.php?rest_route=\/wp\/v2\/pages\/12702\/revisions\/13561"}],"up":[{"embeddable":true,"href":"https:\/\/onclepaul.fr\/index.php?rest_route=\/wp\/v2\/pages\/12680"}],"wp:attachment":[{"href":"https:\/\/onclepaul.fr\/index.php?rest_route=%2Fwp%2Fv2%2Fmedia&parent=12702"}],"curies":[{"name":"wp","href":"https:\/\/api.w.org\/{rel}","templated":true}]}}