{"id":12704,"date":"2021-01-15T11:53:10","date_gmt":"2021-01-15T10:53:10","guid":{"rendered":"http:\/\/onclepaul.fr\/?page_id=12704"},"modified":"2022-05-23T23:24:23","modified_gmt":"2022-05-23T21:24:23","slug":"oto-rhino-laryngologie","status":"publish","type":"page","link":"https:\/\/onclepaul.fr\/?page_id=12704","title":{"rendered":"Oto-Rhino-Laryngologie"},"content":{"rendered":"\n<h2 class=\"wp-block-heading\"><\/h2>\n\n\n\n<ul><li><a href=\"http:\/\/onclepaul.fr\/wp-content\/uploads\/2011\/07\/Imagerie-des-ATM-RD-2019.pdf\">Imagerie des ATM RD 2019<\/a><\/li><li><a href=\"http:\/\/onclepaul.fr\/wp-content\/uploads\/2011\/07\/Variantes-anatomiques-des-sinus-de-la-face-RD-2019.pdf\">Variantes anatomiques des sinus de la face RD 2019<\/a><\/li><li><a href=\"http:\/\/onclepaul.fr\/wp-content\/uploads\/2011\/07\/Aires-lymphatiques-cervicales-AF-2022.pdf\">Aires lymphatiques cervicales AF 2022<\/a><\/li><\/ul>\n\n\n\n<h4 class=\"wp-block-heading\"><strong>Cas cliniques<\/strong><\/h4>\n\n\n\n<ul><li><a href=\"http:\/\/onclepaul.fr\/wp-content\/uploads\/2011\/07\/tumeur-odontog\u00e8ne-k\u00e9rato-kystique.pdf\">Tumeur odontog\u00e8ne k\u00e9rato-kystique<\/a><\/li><li><a href=\"http:\/\/onclepaul.fr\/wp-content\/uploads\/2011\/07\/tuberculose-parotidienne.pdf\">Tuberculose parotidienne<\/a><\/li><li><a href=\"http:\/\/onclepaul.fr\/wp-content\/uploads\/2011\/07\/Lithiase-salivaire.pdf\">Lithiase salivaire<\/a><\/li><li><a href=\"http:\/\/onclepaul.fr\/wp-content\/uploads\/2011\/07\/granulomatose-avec-polynag\u00e9ite-final.ppt\">Granulomatose avec polyang\u00e9ite<\/a><\/li><li><a href=\"http:\/\/onclepaul.fr\/wp-content\/uploads\/2011\/07\/mucormycoses-1.pdf\">Mucormycoses<\/a><\/li><li><a href=\"http:\/\/onclepaul.fr\/wp-content\/uploads\/2011\/07\/carcinome-anaplasique-de-la-thyro\u00efde.pdf\">Carcinome anaplasique de la thyro\u00efde<\/a><\/li><li><a href=\"http:\/\/onclepaul.fr\/wp-content\/uploads\/2011\/07\/tular\u00e9mie.pdf\">Tular\u00e9mie<\/a><\/li><li><a href=\"http:\/\/onclepaul.fr\/wp-content\/uploads\/2011\/07\/Churg-et-Strauss-vascularite.pdf\">Churg et Strauss vascularite<\/a><\/li><li><a href=\"http:\/\/onclepaul.fr\/wp-content\/uploads\/2011\/07\/thrombophl\u00e9bite-septique-de-la-veine-jugulaire-interne.pdf\">Thrombophl\u00e9bite septique de la veine jugulaire interne<\/a><\/li><li><a href=\"http:\/\/onclepaul.fr\/wp-content\/uploads\/2011\/07\/tumeur-de-Warthin.pdf\">Tumeur de Warthin<\/a><\/li><li><a href=\"http:\/\/onclepaul.net\/wp-content\/uploads\/2011\/07\/fosFILEminimizer3.pdf\">Fibrome ossifiant des sinus<\/a><\/li><li><a href=\"http:\/\/onclepaul.net\/wp-content\/uploads\/2011\/07\/macrFILEminimizer1.pdf\">Maladie de Crouzon<\/a><\/li><li><a href=\"http:\/\/onclepaul.fr\/wp-content\/uploads\/2011\/07\/osteonecrose-mandibule-biphosphonates2.pdf\">Osteonecrose mandibule biphosphonates<\/a><\/li><li><a href=\"http:\/\/onclepaul.net\/wp-content\/uploads\/2011\/07\/adpaeFILEminimizer1.pdf\">Ad\u00e9nome parathyro\u00efdien m\u00e9diastinal<\/a><\/li><li><a href=\"http:\/\/onclepaul.fr\/wp-content\/uploads\/2011\/07\/tlin2.pdf\">Thyro\u00efde linguale<\/a><\/li><li><a href=\"http:\/\/onclepaul.fr\/wp-content\/uploads\/2011\/07\/kyste-du-tractus-thyr\u00e9o-glosse.pdf\">Kystes du tractus thyr\u00e9o-glosse<\/a><\/li><li><a href=\"http:\/\/onclepaul.fr\/wp-content\/uploads\/2011\/07\/thyro\u00efde-linguale+++++.pdf\">Thyro\u00efde linguale 02<\/a><\/li><li><a href=\"http:\/\/onclepaul.fr\/wp-content\/uploads\/2011\/07\/carcinome-indiff\u00e9renci\u00e9-du-cavum.pdf\">Carcinome indiff\u00e9renci\u00e9 du cavum<\/a><\/li><\/ul>\n\n\n\n<h4 class=\"wp-block-heading\">PUBLICATIONS<\/h4>\n\n\n\n<ul><li><a href=\"http:\/\/onclepaul.net\/wp-content\/uploads\/2011\/07\/Exploration-radio.-de-loro-et-de-lhypopharynxFILEminimizer.pdf\">Exploration radio. de l&rsquo;oro et de l&rsquo;hypopharynx, EMC, 1978<\/a><\/li><\/ul>\n","protected":false},"excerpt":{"rendered":"<p>Imagerie des ATM RD 2019 Variantes anatomiques des sinus de la face RD 2019 Aires lymphatiques cervicales AF 2022 Cas cliniques Tumeur odontog\u00e8ne k\u00e9rato-kystique Tuberculose parotidienne Lithiase salivaire Granulomatose avec polyang\u00e9ite Mucormycoses Carcinome anaplasique de la thyro\u00efde Tular\u00e9mie Churg et Strauss vascularite Thrombophl\u00e9bite septique de la veine jugulaire interne Tumeur de Warthin Fibrome ossifiant des &hellip; <\/p>\n<p><a class=\"more-link btn\" href=\"https:\/\/onclepaul.fr\/?page_id=12704\">Lire la suite<\/a><\/p>\n","protected":false},"author":1,"featured_media":0,"parent":12680,"menu_order":8,"comment_status":"closed","ping_status":"closed","template":"","meta":[],"_links":{"self":[{"href":"https:\/\/onclepaul.fr\/index.php?rest_route=\/wp\/v2\/pages\/12704"}],"collection":[{"href":"https:\/\/onclepaul.fr\/index.php?rest_route=\/wp\/v2\/pages"}],"about":[{"href":"https:\/\/onclepaul.fr\/index.php?rest_route=\/wp\/v2\/types\/page"}],"author":[{"embeddable":true,"href":"https:\/\/onclepaul.fr\/index.php?rest_route=\/wp\/v2\/users\/1"}],"replies":[{"embeddable":true,"href":"https:\/\/onclepaul.fr\/index.php?rest_route=%2Fwp%2Fv2%2Fcomments&post=12704"}],"version-history":[{"count":13,"href":"https:\/\/onclepaul.fr\/index.php?rest_route=\/wp\/v2\/pages\/12704\/revisions"}],"predecessor-version":[{"id":13488,"href":"https:\/\/onclepaul.fr\/index.php?rest_route=\/wp\/v2\/pages\/12704\/revisions\/13488"}],"up":[{"embeddable":true,"href":"https:\/\/onclepaul.fr\/index.php?rest_route=\/wp\/v2\/pages\/12680"}],"wp:attachment":[{"href":"https:\/\/onclepaul.fr\/index.php?rest_route=%2Fwp%2Fv2%2Fmedia&parent=12704"}],"curies":[{"name":"wp","href":"https:\/\/api.w.org\/{rel}","templated":true}]}}