{"id":12714,"date":"2021-01-15T11:58:39","date_gmt":"2021-01-15T10:58:39","guid":{"rendered":"http:\/\/onclepaul.fr\/?page_id=12714"},"modified":"2025-08-02T13:42:24","modified_gmt":"2025-08-02T11:42:24","slug":"gynecologie-obstetrique","status":"publish","type":"page","link":"https:\/\/onclepaul.fr\/?page_id=12714","title":{"rendered":"Gyn\u00e9cologie-Obst\u00e9trique"},"content":{"rendered":"\n<ul id=\"block-b33881fd-afe8-47e2-8d4d-7a696111a367\">\n<li><a href=\"http:\/\/onclepaul.fr\/wp-content\/uploads\/2011\/07\/patho-uterine-tumorale-b%C3%A9nigne-01.pdf\">Pathologie tumorale et pseudo-tumorale de l&rsquo;ut\u00e9rus 01<\/a><\/li>\n\n\n\n<li><a href=\"http:\/\/onclepaul.fr\/wp-content\/uploads\/2011\/07\/patho-uterine-tumorale-b%C3%A9nigne-02.pdf\">Pathologie tumorale et pseudo-tumorale de l&rsquo;ut\u00e9rus 02<\/a><\/li>\n\n\n\n<li><a href=\"http:\/\/onclepaul.net\/wp-content\/uploads\/2011\/07\/statique-pelvienne-2011FILEminimizer.pdf\">Troubles de la statique &nbsp;pelvienne<\/a><\/li>\n\n\n\n<li><a href=\"http:\/\/onclepaul.net\/wp-content\/uploads\/2011\/07\/patho-annexielle-2011FILEminimizer.pdf\">Pathologie tumorale annexielle<\/a><\/li>\n\n\n\n<li><a href=\"http:\/\/onclepaul.net\/wp-content\/uploads\/2011\/07\/Gyn%C3%A9co_DU_pelvis_Ph.-BassnagelFILEminimizer.pdf\">Pathologie non tumorale en gyn\u00e9cologie<\/a><\/li>\n\n\n\n<li><a href=\"http:\/\/onclepaul.net\/wp-content\/uploads\/2011\/07\/IRM-PELVIENNE-AF-2011FILEminimizer2.pdf\">IRM pelvienne pour les nuls<\/a><\/li>\n\n\n\n<li><a href=\"http:\/\/onclepaul.fr\/wp-content\/uploads\/2011\/07\/TEP-TDM-IRM-et-cancers-du-col-ut%C3%A9rin-EG2.pdf\">TEP-TDM IRM et cancers du col<\/a><\/li>\n\n\n\n<li><a href=\"http:\/\/onclepaul.fr\/wp-content\/uploads\/2011\/07\/La-femme-enceinte-en-imagerie-pire-angoisse-du-radiologue-2024.pdf\">La femme enceinte en imagerie pire angoisse du radiologue 2024<\/a><\/li>\n\n\n\n<li><a href=\"http:\/\/onclepaul.fr\/wp-content\/uploads\/2011\/07\/CT-des-complications-des-gossesses-extraut%C3%A9rines-et-ectopiques1.pdf\">CT des complications des grossesses extra-ut\u00e9rines et ectopiques<\/a><\/li>\n\n\n\n<li><a href=\"http:\/\/onclepaul.fr\/wp-content\/uploads\/2011\/07\/une-image-un-diagnostic-gyn%C3%A9co.pdf\">Une image un diagnostic gyn\u00e9co<\/a><\/li>\n<\/ul>\n\n\n\n<p>Cas cliniques<\/p>\n\n\n\n<ul>\n<li><a href=\"http:\/\/onclepaul.net\/wp-content\/uploads\/2011\/07\/mclisFILEminimizer2.pdf\">Pseudolinite &nbsp;gastrique m\u00e9tastatique<\/a><\/li>\n\n\n\n<li><a href=\"http:\/\/onclepaul.net\/wp-content\/uploads\/2011\/07\/mrkh.pptFILEminimizer2.pdf\">Syndrome de Rokitanski-Kuster-Hauser<\/a><\/li>\n\n\n\n<li><a href=\"http:\/\/onclepaul.net\/wp-content\/uploads\/2011\/07\/tvoFILEminimizer1.pdf\">Thrombose veineuse ovarienne du post partum<\/a><\/li>\n\n\n\n<li><a href=\"http:\/\/onclepaul.net\/wp-content\/uploads\/2011\/07\/tccoFILEminimizer1.pdf\">Ad\u00e9nocarcinome \u00e0 cellules claires de l&rsquo;ovaire&nbsp;<\/a><\/li>\n\n\n\n<li><a href=\"http:\/\/onclepaul.net\/wp-content\/uploads\/2011\/07\/lesautFILEminimizer1.pdf\">L\u00e9iomyosarcomes ut\u00e9rins&nbsp;<\/a><\/li>\n\n\n\n<li><a href=\"http:\/\/onclepaul.net\/wp-content\/uploads\/2011\/07\/ademyFILEminimizer1.pdf\">Ad\u00e9nomyose ut\u00e9rine<\/a><\/li>\n\n\n\n<li><a href=\"http:\/\/onclepaul.net\/wp-content\/uploads\/2011\/07\/limyFILEminimizer1.pdf\">Lipol\u00e9iomyome ut\u00e9rin<\/a><\/li>\n\n\n\n<li><a href=\"http:\/\/onclepaul.net\/wp-content\/uploads\/2011\/07\/frope-3FILEminimizer1.pdf\">Endom\u00e9triose pelvis gel\u00e9<\/a><\/li>\n\n\n\n<li><a href=\"http:\/\/onclepaul.net\/wp-content\/uploads\/2011\/07\/malge2.pdf\">Implants ovariens pseudomyxome<\/a><\/li>\n\n\n\n<li><a href=\"http:\/\/onclepaul.fr\/wp-content\/uploads\/2011\/07\/chf1.pdf\">Syndrome de Fitz-Hughes-Curtis<\/a><\/li>\n\n\n\n<li><a href=\"http:\/\/onclepaul.fr\/wp-content\/uploads\/2011\/07\/fibromes-ovariens-def-2014.pdf\">Fibroth\u00e9come ovarien&nbsp;<\/a><\/li>\n\n\n\n<li><a href=\"http:\/\/onclepaul.fr\/wp-content\/uploads\/2011\/07\/cystad\u00e9nomes-ovariens-T-borderlines.pdf\">Cystad\u00e9nomes ovariens (T borderlines)<\/a><\/li>\n\n\n\n<li><a href=\"http:\/\/onclepaul.fr\/wp-content\/uploads\/2011\/07\/Tmucineuses-de-lovaire.pdf\">Tumeurs mucineuses de l&rsquo;ovaire<\/a><\/li>\n\n\n\n<li><a href=\"http:\/\/onclepaul.fr\/wp-content\/uploads\/2011\/07\/mooncup.pdf\">Coupe menstruelle &nbsp; mooncup<\/a><\/li>\n\n\n\n<li><a href=\"http:\/\/onclepaul.fr\/wp-content\/uploads\/2011\/07\/l\u00e9iomyome-m\u00e9tastasiant-b\u00e9nin-pulmonaire.pdf\">L\u00e9iomyome m\u00e9tastasiant b\u00e9nin pulmonaire<\/a><\/li>\n\n\n\n<li><a href=\"http:\/\/onclepaul.fr\/wp-content\/uploads\/2011\/07\/torsion-ovarienne-sur-t\u00e9ratome-DR.pdf\">Torsion ovarienne sur t\u00e9ratome<\/a><\/li>\n\n\n\n<li><a href=\"http:\/\/onclepaul.fr\/wp-content\/uploads\/2011\/07\/thromboses-veineuses-ovariennes.pdf\">Thromboses veineuses ovariennes<\/a><\/li>\n\n\n\n<li><a href=\"http:\/\/onclepaul.fr\/wp-content\/uploads\/2011\/07\/CE-PET-CT-et-carcinome-ovarien2.pdf\">PET CT et carcinome ovarien<\/a><\/li>\n\n\n\n<li><a href=\"http:\/\/onclepaul.fr\/wp-content\/uploads\/2011\/07\/grossesse-extra-ut\u00e9rine-sur-DIU.pdf\">Grossesse extra-ut\u00e9rine sur DIU<\/a><\/li>\n\n\n\n<li><a href=\"http:\/\/onclepaul.fr\/wp-content\/uploads\/2011\/07\/salpingites-\u00e0-Chlamydia-.pdf\">Salpingites \u00e0 Chlamydia<\/a><\/li>\n\n\n\n<li><a href=\"http:\/\/onclepaul.fr\/wp-content\/uploads\/2011\/07\/p\u00e9ritonite-dermo\u00efde.pdf\">Rupture de t\u00e9ratome ovarien; t\u00e9ratome parasitique <\/a>&nbsp;,<\/li>\n\n\n\n<li><a href=\"http:\/\/onclepaul.fr\/wp-content\/uploads\/2011\/07\/rupture-spontan\u00e9e-du-foie-HELLP-syndrdrome-Enregistrement-automatique1.pdf\">Rupture spontan\u00e9e du foie &#8211; HELLP syndrdrome<\/a><\/li>\n\n\n\n<li><a href=\"http:\/\/onclepaul.fr\/wp-content\/uploads\/2011\/07\/rupture-spontan\u00e9e-dun-PECome-ut\u00e9rin.pdf\">Rupture spontan\u00e9e d&rsquo;un PECome ut\u00e9rin<\/a><\/li>\n\n\n\n<li><a href=\"http:\/\/onclepaul.fr\/wp-content\/uploads\/2011\/07\/abc\u00e8s-pelvien-\u00e9tiologie.pdf\">Abc\u00e8s pelvien \u00e9tiologie<\/a><\/li>\n\n\n\n<li><a href=\"http:\/\/onclepaul.fr\/wp-content\/uploads\/2011\/07\/torsion-annexielle-du-ligament-lombo-ovarien.pdf\">Torsion annexielle du ligament lombo-ovarien<\/a><\/li>\n\n\n\n<li><a href=\"http:\/\/onclepaul.fr\/wp-content\/uploads\/2011\/07\/torsion-dannexe-diagnostic-C-def-regentT.pdf\">Torsion d&rsquo;annexe diagnostic<\/a><\/li>\n\n\n\n<li><a href=\"http:\/\/onclepaul.fr\/wp-content\/uploads\/2011\/07\/carcinome-ovarien-\u00e0-petites-cellules-hypercalc\u00e9miant.pdf\">Carcinome ovarien \u00e0 petites cellules hypercalc\u00e9miant<\/a><\/li>\n\n\n\n<li><a href=\"http:\/\/onclepaul.fr\/wp-content\/uploads\/2011\/07\/N\u00e9crobiose-fibrome-ut\u00e9rin.pdf\">N\u00e9crobiose fibrome ut\u00e9rin<\/a><\/li>\n\n\n\n<li><a href=\"http:\/\/onclepaul.fr\/wp-content\/uploads\/2011\/07\/polyspl\u00e9nie-h\u00e9t\u00e9rotaxie-vsc\u00e9rale-rupture-dun-corps-jaune2.pdf\">Rupture d&rsquo;un corps jaune, Polyspl\u00e9nie<\/a><\/li>\n\n\n\n<li><a href=\"http:\/\/onclepaul.fr\/wp-content\/uploads\/2011\/07\/rupture-spontan\u00e9e-de-varices-ut\u00e9rines.pdf\">Rrupture spontan\u00e9e de varices ut\u00e9rines<\/a><a href=\"http:\/\/onclepaul.fr\/wp-content\/uploads\/2011\/07\/polyspl\u00e9nie-h\u00e9t\u00e9rotaxie-vsc\u00e9rale-rupture-dun-corps-jaune2.pdf\">,<\/a><\/li>\n\n\n\n<li><a href=\"http:\/\/onclepaul.fr\/wp-content\/uploads\/2011\/07\/polyspl\u00e9nie-h\u00e9t\u00e9rotaxie-vsc\u00e9rale-rupture-dun-corps-jaune2.pdf\">H\u00e9t\u00e9rotaxie visc\u00e9rale<\/a><\/li>\n\n\n\n<li><a href=\"http:\/\/onclepaul.fr\/wp-content\/uploads\/2011\/07\/h\u00e9mop\u00e9ritoine-aigu-par-rupture-de-GEU-tubaire-1-2.pdf\">H\u00e9mop\u00e9ritoine aigu par rupture de GEU tubaire<\/a><\/li>\n<\/ul>\n\n\n\n<p><\/p>\n","protected":false},"excerpt":{"rendered":"<p>Cas cliniques<\/p>\n","protected":false},"author":1,"featured_media":0,"parent":12680,"menu_order":13,"comment_status":"closed","ping_status":"closed","template":"","meta":[],"_links":{"self":[{"href":"https:\/\/onclepaul.fr\/index.php?rest_route=\/wp\/v2\/pages\/12714"}],"collection":[{"href":"https:\/\/onclepaul.fr\/index.php?rest_route=\/wp\/v2\/pages"}],"about":[{"href":"https:\/\/onclepaul.fr\/index.php?rest_route=\/wp\/v2\/types\/page"}],"author":[{"embeddable":true,"href":"https:\/\/onclepaul.fr\/index.php?rest_route=\/wp\/v2\/users\/1"}],"replies":[{"embeddable":true,"href":"https:\/\/onclepaul.fr\/index.php?rest_route=%2Fwp%2Fv2%2Fcomments&post=12714"}],"version-history":[{"count":12,"href":"https:\/\/onclepaul.fr\/index.php?rest_route=\/wp\/v2\/pages\/12714\/revisions"}],"predecessor-version":[{"id":13553,"href":"https:\/\/onclepaul.fr\/index.php?rest_route=\/wp\/v2\/pages\/12714\/revisions\/13553"}],"up":[{"embeddable":true,"href":"https:\/\/onclepaul.fr\/index.php?rest_route=\/wp\/v2\/pages\/12680"}],"wp:attachment":[{"href":"https:\/\/onclepaul.fr\/index.php?rest_route=%2Fwp%2Fv2%2Fmedia&parent=12714"}],"curies":[{"name":"wp","href":"https:\/\/api.w.org\/{rel}","templated":true}]}}