{"id":12720,"date":"2021-01-15T12:00:31","date_gmt":"2021-01-15T11:00:31","guid":{"rendered":"http:\/\/onclepaul.fr\/?page_id=12720"},"modified":"2026-03-21T18:10:33","modified_gmt":"2026-03-21T17:10:33","slug":"imagerie-pediatrique","status":"publish","type":"page","link":"https:\/\/onclepaul.fr\/?page_id=12720","title":{"rendered":"Imagerie p\u00e9diatrique"},"content":{"rendered":"\n<ul>\n<li><a href=\"http:\/\/onclepaul.fr\/wp-content\/uploads\/2011\/07\/une-image-un-diagnostic-orthop\u00e9die-infantile.pdf\">Une image un diagnostic orthop\u00e9die infantile<\/a><\/li>\n\n\n\n<li><a href=\"http:\/\/onclepaul.fr\/wp-content\/uploads\/2011\/07\/une-image-un-diagnostic-os-et-articulations-p\u00e9diatrie.pdf\">Une image un diagnostic os et articulations p\u00e9diatrie<\/a><\/li>\n\n\n\n<li><a href=\"http:\/\/onclepaul.fr\/wp-content\/uploads\/2011\/07\/1-Cours-Radiopedriatrie-MERM-Particularites-pediatriques-1.pdf\">1- Cours Radiop\u00e9driatrie MERM &#8211; Particularit\u00e9s p\u00e9diatriques<\/a><\/li>\n\n\n\n<li><a href=\"http:\/\/onclepaul.fr\/wp-content\/uploads\/2011\/07\/2-Cours-Radiopediatrie-MERM-La-femme-enceinte-en-imagerie-pire-angoisse-du-MERM-1.pdf\">2- Cours Radiop\u00e9diatrie MERM &#8211; La femme enceinte en imagerie pire angoisse du MERM<\/a><\/li>\n\n\n\n<li><a href=\"http:\/\/onclepaul.fr\/wp-content\/uploads\/2011\/07\/3-Cours-Radiopediatrie-MERM-Imagerie-Neuroradiologique-Pediatrique-1.pdf\">3- Cours Radiop\u00e9diatrie MERM &#8211; Imagerie Neuroradiologique P\u00e9diatrique<\/a><\/li>\n\n\n\n<li><a href=\"http:\/\/onclepaul.fr\/wp-content\/uploads\/2011\/07\/4-Cours-Radiopediatrie-MERM-Imagerie-ORL-pediatrique-1.pdf\">4- Cours Radiop\u00e9diatrie MERM &#8211; Imagerie ORL p\u00e9diatrique<\/a><\/li>\n\n\n\n<li><a href=\"http:\/\/onclepaul.fr\/wp-content\/uploads\/2011\/07\/5-Cours-radiopediatrie-MERM-Imagerie-Thoracique-pediatrique-1.pdf\">5- Cours radiop\u00e9diatrie MERM &#8211; Imagerie Thoracique p\u00e9diatrique<\/a><\/li>\n\n\n\n<li><a href=\"http:\/\/onclepaul.fr\/wp-content\/uploads\/2011\/07\/6-Cours-Radiopedriatrie-MERM-Imagerie-Osteo-articulaire-pediatrique-1.pdf\">6- Cours Radiop\u00e9driatrie MERM &#8211; Imagerie Ost\u00e9o-articulaire p\u00e9diatrique<\/a><\/li>\n\n\n\n<li><a href=\"http:\/\/onclepaul.fr\/wp-content\/uploads\/2011\/07\/7-Cours-Radiopediatrie-MERM-Imagerie-des-Traumatismes-physiques-de-lenfant-1.pdf\">7- Cours Radiop\u00e9diatrie MERM &#8211; Imagerie des Traumatismes physiques de l&rsquo;enfant<\/a><\/li>\n\n\n\n<li><a href=\"http:\/\/onclepaul.fr\/wp-content\/uploads\/2011\/07\/8-Cours-radiopediatrie-MERM-Imagerie-genito-uro-nephrologique-pediatrique-1.pdf\">8- Cours radiop\u00e9diatrie MERM &#8211; Imagerie g\u00e9nito-uro-n\u00e9phrologique p\u00e9diatrique<\/a><\/li>\n\n\n\n<li><a href=\"http:\/\/onclepaul.fr\/wp-content\/uploads\/2011\/07\/9-Cours-radiopediatrie-MERM-Imagerie-digestive-pediatrique-1.pdf\">9- Cours radiop\u00e9diatrie MERM &#8211; Imagerie digestive p\u00e9diatrique<\/a><\/li>\n\n\n\n<li><a href=\"http:\/\/onclepaul.fr\/wp-content\/uploads\/2011\/07\/10-Cours-Radiopediatrie-MERM-Imagerie-Oncologique-pediatrique-1.pdf\">10- Cours Radiop\u00e9diatrie MERM &#8211; Imagerie Oncologique p\u00e9diatrique<\/a><\/li>\n<\/ul>\n\n\n\n<p><\/p>\n","protected":false},"excerpt":{"rendered":"","protected":false},"author":1,"featured_media":0,"parent":12680,"menu_order":16,"comment_status":"closed","ping_status":"closed","template":"","meta":[],"_links":{"self":[{"href":"https:\/\/onclepaul.fr\/index.php?rest_route=\/wp\/v2\/pages\/12720"}],"collection":[{"href":"https:\/\/onclepaul.fr\/index.php?rest_route=\/wp\/v2\/pages"}],"about":[{"href":"https:\/\/onclepaul.fr\/index.php?rest_route=\/wp\/v2\/types\/page"}],"author":[{"embeddable":true,"href":"https:\/\/onclepaul.fr\/index.php?rest_route=\/wp\/v2\/users\/1"}],"replies":[{"embeddable":true,"href":"https:\/\/onclepaul.fr\/index.php?rest_route=%2Fwp%2Fv2%2Fcomments&post=12720"}],"version-history":[{"count":6,"href":"https:\/\/onclepaul.fr\/index.php?rest_route=\/wp\/v2\/pages\/12720\/revisions"}],"predecessor-version":[{"id":13581,"href":"https:\/\/onclepaul.fr\/index.php?rest_route=\/wp\/v2\/pages\/12720\/revisions\/13581"}],"up":[{"embeddable":true,"href":"https:\/\/onclepaul.fr\/index.php?rest_route=\/wp\/v2\/pages\/12680"}],"wp:attachment":[{"href":"https:\/\/onclepaul.fr\/index.php?rest_route=%2Fwp%2Fv2%2Fmedia&parent=12720"}],"curies":[{"name":"wp","href":"https:\/\/api.w.org\/{rel}","templated":true}]}}