{"id":12762,"date":"2021-01-17T07:27:12","date_gmt":"2021-01-17T06:27:12","guid":{"rendered":"http:\/\/onclepaul.fr\/?page_id=12762"},"modified":"2022-03-19T15:58:45","modified_gmt":"2022-03-19T14:58:45","slug":"radioanatomie","status":"publish","type":"page","link":"https:\/\/onclepaul.fr\/?page_id=12762","title":{"rendered":"Radioanatomie"},"content":{"rendered":"\n<p><strong>TETE ET COU<\/strong><\/p>\n\n\n\n<ul><li><a href=\"http:\/\/onclepaul.fr\/wp-content\/uploads\/2011\/07\/Radio-Anatomie-ORL2011PH.pdf\">Radio-Anatomie pharynx &nbsp;<\/a><\/li><li><a href=\"http:\/\/onclepaul.fr\/wp-content\/uploads\/2011\/07\/Adenopathies-RD-2020.pdf\">Syst\u00e8me lymphatique &#8211; Ad\u00e9nopathies &#8211; RD 2020<\/a><\/li><\/ul>\n\n\n\n<p><\/p>\n\n\n\n<p><strong>THORAX<\/strong><\/p>\n\n\n\n<ul><li><a href=\"http:\/\/onclepaul.net\/wp-content\/uploads\/2011\/07\/anat-thorax-DIU-HRM-2010-debutFILEminimizer.pdf\">Thorax radio anatomie <strong>01<\/strong><\/a><\/li><li><a href=\"http:\/\/onclepaul.net\/wp-content\/uploads\/2011\/07\/anat-thorax-DIU-HRM-2010-finFILEminimizer.pdf\">Thorax radio anatomie <strong>02<\/strong><\/a><\/li><li><a href=\"http:\/\/onclepaul.fr\/wp-content\/uploads\/2011\/07\/radio-anatomie-thoracique-des-chiffres-et-des-lettres-1.pdf\">Radio-anatomie thoracique des chiffres et des lettres<\/a><\/li><\/ul>\n\n\n\n<p><\/p>\n\n\n\n<p><strong>ABDOMEN ET PELVIS<\/strong><\/p>\n\n\n\n<ul><li><a href=\"http:\/\/onclepaul.net\/wp-content\/uploads\/2011\/07\/LM-C-dig-peritoine-anatomie-2010FILEminimizer1.pps\">P\u00e9ritoine anatomie&nbsp;<\/a><\/li><li><a href=\"http:\/\/onclepaul.net\/?attachment_id=6198\">Bourse omentale anatomie radiologique<\/a><\/li><li><a href=\"http:\/\/onclepaul.net\/wp-content\/uploads\/2011\/07\/anat-radiol-tube-digestif-hautDR-2012-97-2003FILEminimizer.pps\">Tube digestif &nbsp;haut<\/a><\/li><li><a href=\"http:\/\/onclepaul.net\/wp-content\/uploads\/2011\/07\/anat-Radiol-colon-rectum-FJ2012FILEminimizer.pps\">Tube digestif bas<\/a><\/li><li><a href=\"http:\/\/onclepaul.net\/wp-content\/uploads\/2011\/07\/radioanatomie-foie-pancr%C3%A9as-FJ2012FILEminimizer.pps\">Foie pancr\u00e9as&nbsp;<\/a><\/li><li><a href=\"http:\/\/onclepaul.net\/wp-content\/uploads\/2011\/07\/AnatomieFILEminimizer.pps\">Appareil urinaire<\/a><\/li><li><a href=\"http:\/\/onclepaul.fr\/wp-content\/uploads\/2011\/07\/Anatomie-Surrenales-RD-2022.pdf\">Anatomie Surr\u00e9nales RD &#8211; 2022<\/a><\/li><li><a href=\"http:\/\/onclepaul.net\/wp-content\/uploads\/2011\/07\/RETROPERITOINE-2012-FJFILEminimizer.pps\">R\u00e9trop\u00e9ritoine<\/a><\/li><li><a href=\"http:\/\/onclepaul.net\/wp-content\/uploads\/2011\/07\/Radio-anatomie-du-pelvis-f%C3%A9minin-AO-2012FILEminimizer.pps\">Pelvis f\u00e9minin<\/a><\/li><li><a href=\"http:\/\/onclepaul.net\/wp-content\/uploads\/2011\/07\/Radioanatomie-prostate-AO-2012FILEminimizer.pps\">Prostate<\/a><\/li><\/ul>\n\n\n\n<p><\/p>\n\n\n\n<p><strong>OSTEOARTICULAIRE<\/strong><\/p>\n\n\n\n<ul><li><a href=\"http:\/\/onclepaul.fr\/wp-content\/uploads\/2011\/07\/%C3%A9paule-radio-anatomie-des-tendons-supra-et-infra-%C3%A9pineux1.pdf\">Epaule radio-anatomie des tendons supra et infra-\u00e9pineux<\/a><\/li><\/ul>\n","protected":false},"excerpt":{"rendered":"<p>TETE ET COU Radio-Anatomie pharynx &nbsp; Syst\u00e8me lymphatique &#8211; Ad\u00e9nopathies &#8211; RD 2020 THORAX Thorax radio anatomie 01 Thorax radio anatomie 02 Radio-anatomie thoracique des chiffres et des lettres ABDOMEN ET PELVIS P\u00e9ritoine anatomie&nbsp; Bourse omentale anatomie radiologique Tube digestif &nbsp;haut Tube digestif bas Foie pancr\u00e9as&nbsp; Appareil urinaire Anatomie Surr\u00e9nales RD &#8211; 2022 R\u00e9trop\u00e9ritoine Pelvis &hellip; <\/p>\n<p><a class=\"more-link btn\" href=\"https:\/\/onclepaul.fr\/?page_id=12762\">Lire la suite<\/a><\/p>\n","protected":false},"author":1,"featured_media":0,"parent":12680,"menu_order":0,"comment_status":"closed","ping_status":"closed","template":"","meta":[],"_links":{"self":[{"href":"https:\/\/onclepaul.fr\/index.php?rest_route=\/wp\/v2\/pages\/12762"}],"collection":[{"href":"https:\/\/onclepaul.fr\/index.php?rest_route=\/wp\/v2\/pages"}],"about":[{"href":"https:\/\/onclepaul.fr\/index.php?rest_route=\/wp\/v2\/types\/page"}],"author":[{"embeddable":true,"href":"https:\/\/onclepaul.fr\/index.php?rest_route=\/wp\/v2\/users\/1"}],"replies":[{"embeddable":true,"href":"https:\/\/onclepaul.fr\/index.php?rest_route=%2Fwp%2Fv2%2Fcomments&post=12762"}],"version-history":[{"count":8,"href":"https:\/\/onclepaul.fr\/index.php?rest_route=\/wp\/v2\/pages\/12762\/revisions"}],"predecessor-version":[{"id":13451,"href":"https:\/\/onclepaul.fr\/index.php?rest_route=\/wp\/v2\/pages\/12762\/revisions\/13451"}],"up":[{"embeddable":true,"href":"https:\/\/onclepaul.fr\/index.php?rest_route=\/wp\/v2\/pages\/12680"}],"wp:attachment":[{"href":"https:\/\/onclepaul.fr\/index.php?rest_route=%2Fwp%2Fv2%2Fmedia&parent=12762"}],"curies":[{"name":"wp","href":"https:\/\/api.w.org\/{rel}","templated":true}]}}