{"id":13428,"date":"2022-03-12T15:34:26","date_gmt":"2022-03-12T14:34:26","guid":{"rendered":"http:\/\/onclepaul.fr\/?page_id=13428"},"modified":"2026-03-21T18:08:01","modified_gmt":"2026-03-21T17:08:01","slug":"actualites","status":"publish","type":"page","link":"https:\/\/onclepaul.fr\/?page_id=13428","title":{"rendered":"Actualit\u00e9s"},"content":{"rendered":"<ul>\n<li><a href=\"http:\/\/onclepaul.fr\/wp-content\/uploads\/2011\/07\/1-Cours-Radiopedriatrie-MERM-Particularites-pediatriques-1.pdf\">1- Cours Radiop\u00e9driatrie MERM &#8211; Particularit\u00e9s p\u00e9diatriques<\/a><\/li>\n<li><a href=\"http:\/\/onclepaul.fr\/wp-content\/uploads\/2011\/07\/2-Cours-Radiopediatrie-MERM-La-femme-enceinte-en-imagerie-pire-angoisse-du-MERM-1.pdf\">2- Cours Radiop\u00e9diatrie MERM &#8211; La femme enceinte en imagerie pire angoisse du MERM<\/a><\/li>\n<li><a href=\"http:\/\/onclepaul.fr\/wp-content\/uploads\/2011\/07\/3-Cours-Radiopediatrie-MERM-Imagerie-Neuroradiologique-Pediatrique-1.pdf\">3- Cours Radiop\u00e9diatrie MERM &#8211; Imagerie Neuroradiologique P\u00e9diatrique<\/a><\/li>\n<li><a href=\"http:\/\/onclepaul.fr\/wp-content\/uploads\/2011\/07\/4-Cours-Radiopediatrie-MERM-Imagerie-ORL-pediatrique-1.pdf\">4- Cours Radiop\u00e9diatrie MERM &#8211; Imagerie ORL p\u00e9diatrique<\/a><\/li>\n<li><a href=\"http:\/\/onclepaul.fr\/wp-content\/uploads\/2011\/07\/5-Cours-radiopediatrie-MERM-Imagerie-Thoracique-pediatrique-1.pdf\">5- Cours radiop\u00e9diatrie MERM &#8211; Imagerie Thoracique p\u00e9diatrique<\/a><\/li>\n<li><a href=\"http:\/\/onclepaul.fr\/wp-content\/uploads\/2011\/07\/6-Cours-Radiopedriatrie-MERM-Imagerie-Osteo-articulaire-pediatrique-1.pdf\">6- Cours Radiop\u00e9driatrie MERM &#8211; Imagerie Ost\u00e9o-articulaire p\u00e9diatrique<\/a><\/li>\n<li><a href=\"http:\/\/onclepaul.fr\/wp-content\/uploads\/2011\/07\/7-Cours-Radiopediatrie-MERM-Imagerie-des-Traumatismes-physiques-de-lenfant-1.pdf\">7- Cours Radiop\u00e9diatrie MERM &#8211; Imagerie des Traumatismes physiques de l&rsquo;enfant<\/a><\/li>\n<li><a href=\"http:\/\/onclepaul.fr\/wp-content\/uploads\/2011\/07\/8-Cours-radiopediatrie-MERM-Imagerie-genito-uro-nephrologique-pediatrique-1.pdf\">8- Cours radiop\u00e9diatrie MERM &#8211; Imagerie g\u00e9nito-uro-n\u00e9phrologique p\u00e9diatrique<\/a><\/li>\n<li><a href=\"http:\/\/onclepaul.fr\/wp-content\/uploads\/2011\/07\/9-Cours-radiopediatrie-MERM-Imagerie-digestive-pediatrique-1.pdf\">9- Cours radiop\u00e9diatrie MERM &#8211; Imagerie digestive p\u00e9diatrique<\/a><\/li>\n<li><a href=\"http:\/\/onclepaul.fr\/wp-content\/uploads\/2011\/07\/10-Cours-Radiopediatrie-MERM-Imagerie-Oncologique-pediatrique-1.pdf\">10- Cours Radiop\u00e9diatrie MERM &#8211; Imagerie Oncologique p\u00e9diatrique<\/a><\/li>\n<li><a href=\"http:\/\/onclepaul.fr\/wp-content\/uploads\/2011\/07\/Redaction-CRR-RD-2025.pdf\">R\u00e9daction CRR &#8211; RD 2025<\/a><\/li>\n<li><a href=\"http:\/\/onclepaul.fr\/wp-content\/uploads\/2011\/07\/ONO-Trauma-cranio-encephalique-2025.pdf\">ONO &#8211; Trauma cranio-enc\u00e9phalique 2025<\/a><\/li>\n<li><a href=\"http:\/\/onclepaul.fr\/wp-content\/uploads\/2011\/07\/Aires-lymphatiques-cervicales-AF-2022.pdf\">Aires lymphatiques cervicales AF 2022<\/a><\/li>\n<li><a href=\"http:\/\/onclepaul.fr\/wp-content\/uploads\/2011\/07\/Radio-de-valve-A-Simler.pdf\">Radio de valve A Simler<\/a><\/li>\n<li><a href=\"http:\/\/onclepaul.fr\/wp-content\/uploads\/2011\/07\/Anatomie-Surrenales-RD-2022.pdf\">Anatomie Surr\u00e9nales RD &#8211; 2022<\/a><\/li>\n<li><a href=\"http:\/\/onclepaul.fr\/wp-content\/uploads\/2011\/07\/Fractures-de-clavicule-AT-2022.pdf\">Fractures de clavicule AT 2022<\/a><\/li>\n<li><a href=\"http:\/\/onclepaul.fr\/wp-content\/uploads\/2011\/07\/Fractures-de-lextre\u0301mite\u0301-infe\u0301rieure-du-radius-AT-2022.pdf\">Fractures de l&rsquo;extre\u0301mite\u0301 infe\u0301rieure du radius AT 2022<\/a><\/li>\n<li><a href=\"http:\/\/onclepaul.fr\/wp-content\/uploads\/2011\/07\/ONO-Trauma-cranio-encephalique-2024.pdf\">ONO &#8211; Trauma cranio-enc\u00e9phalique 2024<\/a><\/li>\n<li><a href=\"http:\/\/onclepaul.fr\/wp-content\/uploads\/2011\/07\/Microbleeds-Devenez-un-bloodstain-pattern-analyst-RD-2025.pdf\">Microbleeds &#8211; Devenez un bloodstain pattern analyst -RD 2025<\/a><\/li>\n<li><a href=\"http:\/\/onclepaul.fr\/wp-content\/uploads\/2011\/07\/Leave-me-alone-lesions-en-neuroradiologie-RD-2025.pdf\">Leave me alone lesions en neuroradiologie &#8211; RD 2025<\/a><\/li>\n<li><a href=\"http:\/\/onclepaul.fr\/wp-content\/uploads\/2011\/07\/La-femme-enceinte-en-imagerie-pire-angoisse-du-radiologue-2024.pdf\">La femme enceinte en imagerie pire angoisse du radiologue 2024<\/a><\/li>\n<li><a href=\"http:\/\/onclepaul.fr\/wp-content\/uploads\/2011\/07\/Anatomie-RD-017-Copie-2.pdf\">Anatomie RD 017 <\/a><\/li>\n<\/ul>\n\n\n<p><\/p>\n","protected":false},"excerpt":{"rendered":"<p>1- Cours Radiop\u00e9driatrie MERM &#8211; Particularit\u00e9s p\u00e9diatriques 2- Cours Radiop\u00e9diatrie MERM &#8211; La femme enceinte en imagerie pire angoisse du MERM 3- Cours Radiop\u00e9diatrie MERM &#8211; Imagerie Neuroradiologique P\u00e9diatrique 4- Cours Radiop\u00e9diatrie MERM &#8211; Imagerie ORL p\u00e9diatrique 5- Cours radiop\u00e9diatrie MERM &#8211; Imagerie Thoracique p\u00e9diatrique 6- Cours Radiop\u00e9driatrie MERM &#8211; Imagerie Ost\u00e9o-articulaire p\u00e9diatrique 7- Cours &hellip; <\/p>\n<p><a class=\"more-link btn\" href=\"https:\/\/onclepaul.fr\/?page_id=13428\">Lire la suite<\/a><\/p>\n","protected":false},"author":1,"featured_media":0,"parent":0,"menu_order":0,"comment_status":"closed","ping_status":"closed","template":"","meta":[],"_links":{"self":[{"href":"https:\/\/onclepaul.fr\/index.php?rest_route=\/wp\/v2\/pages\/13428"}],"collection":[{"href":"https:\/\/onclepaul.fr\/index.php?rest_route=\/wp\/v2\/pages"}],"about":[{"href":"https:\/\/onclepaul.fr\/index.php?rest_route=\/wp\/v2\/types\/page"}],"author":[{"embeddable":true,"href":"https:\/\/onclepaul.fr\/index.php?rest_route=\/wp\/v2\/users\/1"}],"replies":[{"embeddable":true,"href":"https:\/\/onclepaul.fr\/index.php?rest_route=%2Fwp%2Fv2%2Fcomments&post=13428"}],"version-history":[{"count":21,"href":"https:\/\/onclepaul.fr\/index.php?rest_route=\/wp\/v2\/pages\/13428\/revisions"}],"predecessor-version":[{"id":13580,"href":"https:\/\/onclepaul.fr\/index.php?rest_route=\/wp\/v2\/pages\/13428\/revisions\/13580"}],"wp:attachment":[{"href":"https:\/\/onclepaul.fr\/index.php?rest_route=%2Fwp%2Fv2%2Fmedia&parent=13428"}],"curies":[{"name":"wp","href":"https:\/\/api.w.org\/{rel}","templated":true}]}}