{"id":251,"date":"2011-07-22T12:04:18","date_gmt":"2011-07-22T10:04:18","guid":{"rendered":"http:\/\/radiologie-brabois.com\/?page_id=251"},"modified":"2021-02-23T14:59:44","modified_gmt":"2021-02-23T13:59:44","slug":"niveau-lm-p1-a-d4","status":"publish","type":"page","link":"https:\/\/onclepaul.fr\/?page_id=251","title":{"rendered":"Imagerie et ECN"},"content":{"rendered":"\n<h2 class=\"wp-block-heading\"><strong>Questions ECN \u00e0 composantes d&rsquo;imagerie<\/strong><\/h2>\n\n\n\n<ul><li><a href=\"http:\/\/onclepaul.net\/wp-content\/uploads\/2011\/07\/ECN-004-indications-imagerie-2011FILEminimizer.pdf\">ECN 004 indications imagerie<\/a><\/li><li><a href=\"http:\/\/onclepaul.net\/wp-content\/uploads\/2011\/07\/ECN-018-grossesses-extra-uterinesFILEminimizer.pdf\">ECN 018 grossesses extra uterines<\/a><\/li><li><a href=\"http:\/\/onclepaul.net\/wp-content\/uploads\/2011\/07\/ECN-056-ost%C3%A9oporoseFILEminimizer.pdf\">ECN 056 ost\u00e9oporose<\/a><\/li><li><a href=\"http:\/\/onclepaul.net\/wp-content\/uploads\/2011\/07\/def-tumeurs-du-reinFILEminimizer.pdf\">ECN 058 tumeurs du rein<\/a><\/li><li><a href=\"http:\/\/onclepaul.net\/wp-content\/uploads\/2011\/07\/n%C2%B0074-RADIOPROTECTIONFILEminimizer1.pdf\">ECN 074 bases radiobiologie<\/a><\/li><li><a href=\"http:\/\/onclepaul.net\/wp-content\/uploads\/2011\/07\/n\u00b0120-PNEUMOPATHIES-INTERSTITIELLESFILEminimizer.pdf\">ECN 120 pneumopathies infitrantes<\/a><\/li><li><a href=\"http:\/\/onclepaul.net\/wp-content\/uploads\/2011\/07\/n\u00b0124-SARCOIDOSEFILEminimizer.pdf\">ECN 124 imagerie de la sarco\u00efdose<\/a><\/li><li><a href=\"http:\/\/onclepaul.net\/wp-content\/uploads\/2011\/07\/art\u00e9rite-MI-2006FILEminimizer1.pdf\">ECN 131 art\u00e9rite des membres inf\u00e9rieurs<\/a><\/li><li><a href=\"http:\/\/onclepaul.fr\/wp-content\/uploads\/2011\/07\/TVP-et-EP1.pdf\">ECN 135 embolie pulmonaire<\/a><\/li><li><a href=\"http:\/\/onclepaul.net\/wp-content\/uploads\/2011\/07\/n\u00b0148-CANCERS-RECTO-COLIQUESFILEminimizer.pdf\">ECN 148 cancers recto-coliques<\/a><\/li><li><a href=\"http:\/\/onclepaul.net\/wp-content\/uploads\/2011\/07\/n\u00b0150-CANCER-DE-LESTOMAC2-FILEminimizer.pdf\">ECN 150 cancers de l&rsquo;estomac<\/a><\/li><li><a href=\"http:\/\/onclepaul.net\/wp-content\/uploads\/2011\/07\/n\u00b0152-CANCERS-DE-LOESOPHAGEFILEminimizer.pdf\">ECN 152 cancers de l&rsquo;oesophage<\/a><\/li><li><a href=\"http:\/\/onclepaul.net\/wp-content\/uploads\/2011\/07\/T-osseuses-g\u00e9n\u00e9ralit\u00e9s-1FILEminimizerFILEminimizer1.pdf\">ECN 154 tumeurs osseuses \u00a0g\u00e9n\u00e9ralit\u00e9s<\/a><\/li><li><a href=\"http:\/\/onclepaul.net\/wp-content\/uploads\/2011\/07\/n\u00b0155-TUMEURS-DU-PANCREASFILEminimizer.pdf\">ECN 155 tumeurs du pancr\u00e9as<\/a><\/li><li><a href=\"http:\/\/onclepaul.net\/wp-content\/uploads\/2011\/07\/n\u00b0157-CANCER-DU-POUMONCP09FILEminimizer.pdf\">ECN 157 cancers broncho-pulmonaires<\/a><\/li><li><a href=\"http:\/\/onclepaul.net\/wp-content\/uploads\/2011\/07\/n\u00b0158-LITHIASE-BILIAIRE-2007-FILEminimizer2.pdf\">ECN 158 lithiase biliaire et complications<\/a><\/li><li><a href=\"http:\/\/onclepaul.net\/wp-content\/uploads\/2011\/07\/n\u00b0159-CANCER-DU-SEIN-FILEminimizer.pdf\">ECN 159 cancers du sein<\/a><\/li><li><a href=\"http:\/\/onclepaul.fr\/wp-content\/uploads\/2011\/07\/n\u00b0160-TUMEURS-DU-TESTICULE-.pdf\">ECN 160 tumeurs du testicule<\/a><\/li><li><a href=\"http:\/\/onclepaul.fr\/wp-content\/uploads\/2011\/07\/n\u00b0164-LYMPHOMES-.pdf\">ECN 164 lymphomes<\/a><\/li><li><a href=\"http:\/\/onclepaul.net\/wp-content\/uploads\/2011\/07\/Pr%C3%A9sentation1FILEminimizer.pdf\">ECN 174 rupture traumatique de l&rsquo;isthme aortique<\/a><\/li><li><a href=\"http:\/\/onclepaul.net\/wp-content\/uploads\/2011\/07\/n\u00b0182-ACCIDENTS-ANTICOAGULANTSFILEminimizer.pdf\">ECN 182 accidents des anticoagulants imagerie<\/a><\/li><li><a href=\"http:\/\/onclepaul.net\/wp-content\/uploads\/2011\/07\/ECN-205-h%C3%A9morragies-digestivesFILEminimizer1.pdf\">ECN 205 h\u00e9morragies digestives<\/a><\/li><li><a href=\"http:\/\/onclepaul.net\/wp-content\/uploads\/2011\/07\/ECN-225-arthropathies-microcristallinesFILEminimizer1.pdf\">ECN 225 arthropathies microcristallines<\/a><\/li><li><a href=\"http:\/\/onclepaul.net\/wp-content\/uploads\/2011\/07\/sd-occlusif-2006-DRFILEminimizer.pdf\">ECN 217 syndromes occlusifs<\/a><\/li><li><a href=\"http:\/\/onclepaul.net\/wp-content\/uploads\/2011\/07\/n\u00b0228-CIRRHOSE-AOFILEminimizer.pdf\">ECN 228 cirrhose et complications<\/a><\/li><li><a href=\"http:\/\/onclepaul.net\/wp-content\/uploads\/2011\/07\/n\u00b0268-PANCREATITE-AIGUEFILEminimizer2.pdf\">ECN 268 pancr\u00e9atites aigu\u00ebs<\/a><\/li><li><a href=\"http:\/\/onclepaul.net\/wp-content\/uploads\/2011\/07\/n\u00b0269-PANCREATITE-CHRONIQUE.pdf\">ECN 269 pancr\u00e9atites chroniques<\/a><\/li><li><a href=\"http:\/\/onclepaul.net\/wp-content\/uploads\/2011\/07\/275FILEminimizer1.pdf\">ECN 275 p\u00e9ritonites imagerie<\/a><\/li><li><a href=\"http:\/\/onclepaul.net\/wp-content\/uploads\/2011\/07\/ECN-276-pneumothoraxFILEminimizer1.pdf\">ECN 276 pneumothorax<\/a><\/li><li><a href=\"http:\/\/onclepaul.net\/wp-content\/uploads\/2011\/07\/n\u00b0280-RGO-hernie-hiataleFILEminimizer.pdf\">ECN 280 RGO hernie hiatale<\/a><\/li><li><a href=\"http:\/\/onclepaul.net\/wp-content\/uploads\/2011\/07\/ENC-\u00e9panchement-pleuralFILEminimizer.pdf\">ENC 312 \u00e9panchement pleural<\/a><\/li><li><a href=\"http:\/\/onclepaul.net\/wp-content\/uploads\/2011\/07\/ECN-324-masses-thoraciquesFILEminimizer1.pdf\">ECN 324 masses thoraciques<\/a><\/li><\/ul>\n\n\n\n<p><\/p>\n\n\n\n<h2 class=\"wp-block-heading\">Teaching files externes<\/h2>\n\n\n\n<p>Les teaching files sont des encha\u00eenements th\u00e9matiques de cas cliniques pr\u00e9sent\u00e9s de fa\u00e7on interactive , c&rsquo;est \u00e0 dire posant des questions auxquelles l&rsquo;assistance doit s&rsquo;efforcer de r\u00e9pondre ; l&rsquo;animateur ayant alors le loisir de moduler ses commentaires en fonction des r\u00e9ponses formul\u00e9es par l&rsquo;auditoire . Bien sur ces s\u00e9ries p\u00e9dagogiques sont parfaitement utilisables par un \u00e9tudiant isol\u00e9 &nbsp;qui y trouvera des explications suffisantes pour comprendre les points essentiels du dossier , notamment les mots, expressions ou phrases-cl\u00e9 attendus dans les grilles de correction des cas cliniques de l&rsquo;ECN.<\/p>\n\n\n\n<p>les s\u00e9ries \u00ab\u00a0mieux comprendre les images-cl\u00e9 de l&rsquo;ECN\u00a0\u00bb sont des suites p\u00e9dagogiques mettant l&rsquo;accent sur les bases anatomo-physiopathologiques des images &nbsp;fondamentales des grandes questions du programme. Elles font largement appel aux illustrations m\u00e9dicales qui ont pratiquement tout appris en l&rsquo;expliquant \u00e0 l&rsquo;Oncle Paul &nbsp;et qui &nbsp;continuent de susciter son enthousiasme , comme au premier jour , avec le plaisir de partager tout ce qu&rsquo;elles apportent<\/p>\n\n\n\n<ul><li><a href=\"http:\/\/onclepaul.net\/wp-content\/uploads\/2011\/07\/teaching-file-ext-uro-n\u00e9phro-DR-2010FILEminimizer1.pps\">Teaching file ext uro n\u00e9phro <strong>01<\/strong><\/a><\/li><li><a href=\"http:\/\/onclepaul.net\/wp-content\/uploads\/2011\/07\/teaching-file-ext-os-articulations-externes-2010FILEminimizer.pps\">Teaching file ext os articul <strong>01<\/strong><\/a><\/li><li><a href=\"http:\/\/onclepaul.net\/wp-content\/uploads\/2011\/07\/teaching-file-ext-digestif-DR-2010FILEminimizer.pps\">Teaching file ext digestif <strong>01<\/strong><\/a><\/li><li><a href=\"http:\/\/onclepaul.fr\/wp-content\/uploads\/2011\/07\/teaching-file-digestif-internes.pdf\">Teaching file ext digestif <strong>02<\/strong><\/a><\/li><li><a href=\"http:\/\/onclepaul.net\/wp-content\/uploads\/2011\/07\/teaching-file-ext-cardio-vasculaire-DR-2010FILEminimizer.pps\">Teaching file ext card-vascul <strong>01<\/strong><\/a><\/li><li><a href=\"http:\/\/onclepaul.net\/wp-content\/uploads\/2011\/07\/teaching-file-ext-thorax-2-DR-2010FILEminimizer.pps\">Teaching file ext thorax <strong>02<\/strong><\/a><\/li><li><a href=\"http:\/\/onclepaul.net\/wp-content\/uploads\/2011\/07\/teaching-file-ext-thorax-DR-2010FILEminimizer.pps\">Teaching file ext thorax <strong>01<\/strong><\/a><\/li><li><a href=\"http:\/\/onclepaul.net\/wp-content\/uploads\/2011\/07\/ECN-2010-01FILEminimizer.pps\">Teaching file ext tutti fruti <strong>01<\/strong><\/a><\/li><li><a href=\"http:\/\/onclepaul.net\/wp-content\/uploads\/2011\/07\/ECN-2010-02FILEminimizer.pps\">Teaching file ext tutti frutti <strong>02<\/strong><\/a><\/li><li><a href=\"http:\/\/onclepaul.net\/wp-content\/uploads\/2011\/07\/ECN-2010-03FILEminimizer.pps\">Teaching file ext tutti frutti <strong>03<\/strong><\/a><\/li><li><a href=\"http:\/\/onclepaul.net\/wp-content\/uploads\/2011\/07\/ECN-2010-04FILEminimizer1.pps\">Teaching file ext tutti frutti <strong>04<\/strong><\/a><\/li><li><a href=\"http:\/\/onclepaul.net\/wp-content\/uploads\/2011\/07\/tutti-fruti-dec-2012FILEminimizer.pps\">Teaching file ext tutti frutti <strong>05\u00a0<\/strong><\/a><\/li><li><a href=\"http:\/\/onclepaul.fr\/wp-content\/uploads\/2011\/07\/confrontations-radio-Netter-01-A1.pdf\">Mieux comprendre les images-cl\u00e9 de l&rsquo;ECN 01 A<\/a><\/li><li><a href=\"http:\/\/onclepaul.fr\/wp-content\/uploads\/2011\/07\/confrontations-radio-Netter-01-B2.pdf\">Mieux comprendre les images-cl\u00e9 de l&rsquo;ECN 01B<\/a><\/li><li><a href=\"http:\/\/onclepaul.fr\/wp-content\/uploads\/2011\/07\/confrontations-radio-Netter-022.pdf\">Mieux comprendre les images-cl\u00e9 de l&rsquo;ECN 02<\/a><\/li><li><a href=\"http:\/\/onclepaul.fr\/wp-content\/uploads\/2011\/07\/confrontations-radio-Netter-032.pdf\">Mieux comprendrre les images-cl\u00e9 de l&rsquo;ECN 03<\/a><\/li><li><a href=\"http:\/\/onclepaul.fr\/wp-content\/uploads\/2011\/07\/confrontations-radio-Netter-043.pdf\">Mieux comprendre les images-cl\u00e9 de l&rsquo;ECN 04<\/a><\/li><li><a href=\"http:\/\/onclepaul.fr\/wp-content\/uploads\/2011\/07\/confrontations-radio-Netter-051.pdf\">Mieux comprendre les images-cl\u00e9 de l&rsquo;ECN 05<\/a><\/li><li><a href=\"http:\/\/onclepaul.fr\/wp-content\/uploads\/2011\/07\/confrontations-radio-Netter-062.pdf\">Mieux comprendre les images-cl\u00e9 de l&rsquo;ECN 06<\/a><\/li><li><a href=\"http:\/\/onclepaul.fr\/wp-content\/uploads\/2011\/07\/confrontations-radio-Netter-05.pdf\">Mieux comprendre les imlages-cl\u00e9 de l&rsquo;ECN 07<\/a><\/li><li><a href=\"http:\/\/onclepaul.fr\/wp-content\/uploads\/2011\/07\/confrontations-radio-Netter-08.pdf\">Mieux comprendre les images-cl\u00e9 de l&rsquo;ECN 08<\/a><\/li><li><a href=\"http:\/\/onclepaul.fr\/wp-content\/uploads\/2011\/07\/confrontations-radio-Netter-09.pdf\">Mieux comprendre les images-cl\u00e9 de l&rsquo;ECN 09<\/a><\/li><li><a href=\"http:\/\/onclepaul.fr\/wp-content\/uploads\/2011\/07\/confrontations-radio-Netter-10.pdf\">Mieux comprendre les images-cl\u00e9 de l&rsquo;ECN 10<\/a><\/li><li><a href=\"http:\/\/onclepaul.fr\/wp-content\/uploads\/2011\/07\/confrontations-radio-Netter-031.pdf\">Confrontations radio-Netter &#8211; 03<\/a><\/li><li><a href=\"http:\/\/onclepaul.fr\/wp-content\/uploads\/2011\/07\/une-image-un-diagnostic-digestif.pdf\">Une image un diagnostic digestif<\/a><\/li><\/ul>\n","protected":false},"excerpt":{"rendered":"<p>Questions ECN \u00e0 composantes d&rsquo;imagerie ECN 004 indications imagerie ECN 018 grossesses extra uterines ECN 056 ost\u00e9oporose ECN 058 tumeurs du rein ECN 074 bases radiobiologie ECN 120 pneumopathies infitrantes ECN 124 imagerie de la sarco\u00efdose ECN 131 art\u00e9rite des membres inf\u00e9rieurs ECN 135 embolie pulmonaire ECN 148 cancers recto-coliques ECN 150 cancers de l&rsquo;estomac &hellip; <\/p>\n<p><a class=\"more-link btn\" href=\"https:\/\/onclepaul.fr\/?page_id=251\">Lire la suite<\/a><\/p>\n","protected":false},"author":1,"featured_media":0,"parent":12680,"menu_order":8,"comment_status":"closed","ping_status":"closed","template":"","meta":[],"_links":{"self":[{"href":"https:\/\/onclepaul.fr\/index.php?rest_route=\/wp\/v2\/pages\/251"}],"collection":[{"href":"https:\/\/onclepaul.fr\/index.php?rest_route=\/wp\/v2\/pages"}],"about":[{"href":"https:\/\/onclepaul.fr\/index.php?rest_route=\/wp\/v2\/types\/page"}],"author":[{"embeddable":true,"href":"https:\/\/onclepaul.fr\/index.php?rest_route=\/wp\/v2\/users\/1"}],"replies":[{"embeddable":true,"href":"https:\/\/onclepaul.fr\/index.php?rest_route=%2Fwp%2Fv2%2Fcomments&post=251"}],"version-history":[{"count":10,"href":"https:\/\/onclepaul.fr\/index.php?rest_route=\/wp\/v2\/pages\/251\/revisions"}],"predecessor-version":[{"id":13066,"href":"https:\/\/onclepaul.fr\/index.php?rest_route=\/wp\/v2\/pages\/251\/revisions\/13066"}],"up":[{"embeddable":true,"href":"https:\/\/onclepaul.fr\/index.php?rest_route=\/wp\/v2\/pages\/12680"}],"wp:attachment":[{"href":"https:\/\/onclepaul.fr\/index.php?rest_route=%2Fwp%2Fv2%2Fmedia&parent=251"}],"curies":[{"name":"wp","href":"https:\/\/api.w.org\/{rel}","templated":true}]}}