{"id":40,"date":"2011-07-20T13:07:08","date_gmt":"2011-07-20T11:07:08","guid":{"rendered":"http:\/\/radiologie-brabois.com\/?page_id=40"},"modified":"2025-04-06T11:20:45","modified_gmt":"2025-04-06T09:20:45","slug":"pneumologique","status":"publish","type":"page","link":"https:\/\/onclepaul.fr\/","title":{"rendered":"ACCUEIL"},"content":{"rendered":"\n<div class=\"wp-block-group alignwide is-layout-flow\"><div class=\"wp-block-group__inner-container\"><\/div><\/div>\n\n\n\n<p>Bienvenue sur le site onclepaul. Ce site \u00e0 vocation exclusivement p\u00e9dagogique et orient\u00e9 vers l&rsquo;imagerie diagnostique met \u00e0 la disposition des utilisateurs (\u00e9tudiants, sp\u00e9cialistes en formation initiale ou continue) un riche contenu constitu\u00e9 de <strong>cas cliniques<\/strong> divers et vari\u00e9s mais \u00e9galement de <strong>cours<\/strong> et <strong>conf\u00e9rences<\/strong> correspondant \u00e0 des expos\u00e9s plus complets et adapt\u00e9s \u00e0 l&rsquo;enseignement<\/p>\n\n\n<div class=\"wp-block-image\">\n<figure class=\"alignright size-full\"><img decoding=\"async\" loading=\"lazy\" width=\"241\" height=\"300\" src=\"http:\/\/onclepaul.fr\/wp-content\/uploads\/2011\/07\/Denis-REGENT-241x300-1.jpg\" alt=\"\" class=\"wp-image-13200\"\/><figcaption class=\"wp-element-caption\">Pr. Denis R\u00e9gent<\/figcaption><\/figure><\/div>\n\n\n<p>Le site&nbsp; onclepaul.net ou onclepaul.fr a \u00e9t\u00e9 cr\u00e9\u00e9 en juillet 2013 par le <strong>Pr Denis R\u00e9gent <\/strong>chef du service de radiologie adultes du CHU Nancy-Brabois, devenu \u00e0 sa retraite Attach\u00e9 PH&nbsp; dans le &nbsp;service d&rsquo; imagerie Guilloz dirig\u00e9 par les Prs A. Blum et P. &nbsp;Texeira, qui ont aid\u00e9 sans compter pour le d\u00e9veloppement d&rsquo;Oncle paul.net.<\/p>\n\n\n\n<p>Toute la partie technique a \u00e9t\u00e9 r\u00e9alis\u00e9e&nbsp;, par <strong>Nicolas Labonne <\/strong>qui assure avec fid\u00e9lit\u00e9 et comp\u00e9tence la maintenance.<\/p>\n\n\n\n<p>Depuis le d\u00e9but de l&rsquo;ann\u00e9e 2020, le nouveau responsable du site est le <strong>docteur R\u00e9mi Dupr\u00e8s,<\/strong> praticien hospitalier et chef de service au CHR Metz -Thionville exer\u00e7ant \u00e0 l&rsquo;H\u00f4pital de Mercy <\/p>\n\n\n<div class=\"wp-block-image\">\n<figure class=\"alignleft size-medium is-resized\"><img decoding=\"async\" loading=\"lazy\" src=\"http:\/\/onclepaul.fr\/wp-content\/uploads\/2011\/07\/facebook_1625244221292_6816768338344813989-300x300.jpg\" alt=\"\" class=\"wp-image-13372\" width=\"278\" height=\"278\" srcset=\"https:\/\/onclepaul.fr\/wp-content\/uploads\/2011\/07\/facebook_1625244221292_6816768338344813989-300x300.jpg 300w, https:\/\/onclepaul.fr\/wp-content\/uploads\/2011\/07\/facebook_1625244221292_6816768338344813989-1024x1024.jpg 1024w, https:\/\/onclepaul.fr\/wp-content\/uploads\/2011\/07\/facebook_1625244221292_6816768338344813989-150x150.jpg 150w, https:\/\/onclepaul.fr\/wp-content\/uploads\/2011\/07\/facebook_1625244221292_6816768338344813989-768x768.jpg 768w, https:\/\/onclepaul.fr\/wp-content\/uploads\/2011\/07\/facebook_1625244221292_6816768338344813989.jpg 1080w\" sizes=\"(max-width: 278px) 100vw, 278px\" \/><figcaption class=\"wp-element-caption\">Dr. R\u00e9mi Dupr\u00e8s<\/figcaption><\/figure><\/div>\n\n\n<p>R\u00e9mi Dupr\u00e8s apporte une n\u00e9cessaire adaptation de l&rsquo;organisation et du contenu du site en conservant les principes base :<\/p>\n\n\n\n<ul>\n<li>Iconographie abondante,&nbsp; de qualit\u00e9 optimis\u00e9e<\/li>\n\n\n\n<li>Illustrant par <strong>des confrontations radio-anatomo-physio-pathologiques<\/strong> la <strong>s\u00e9miologie radiologique<\/strong> <strong>et&nbsp; les bases de la caract\u00e9risation l\u00e9sionnelle <\/strong>en imagerie diagnostique<\/li>\n<\/ul>\n\n\n\n<p>Sur le plan didactique , une attention particuli\u00e8re est &nbsp;apport\u00e9e \u00e0 <strong>expliciter et faire comprendre<\/strong> la s\u00e9miologie des processus pathologiques . L\u2019imagerie des variantes &nbsp;anatomiques souvent insuffisamment connue et source potentielle d&rsquo;erreurs diagnostiques doit &nbsp;\u00e9galement \u00eatre pr\u00e9cis\u00e9e.<\/p>\n\n\n\n<p>\u00ab <strong>Apprendre mais surtout comprendre\u00a0\u00bb <\/strong>&nbsp;comment on peut expliquer les anomalies observ\u00e9es sur les images radiologiques permet de &nbsp;partager ces donn\u00e9es avec nos coll\u00e8gues anatomo-pathologistes, cliniciens , chirurgiens, endoscopistes,&nbsp; onco-h\u00e9matologues \u2026Cet exercice &nbsp;est indispensable&nbsp; pour que le radiologue soit un interlocuteur \u00e9cout\u00e9 dans les r\u00e9unions de concertation pluridisciplinaires&#8230;<\/p>\n\n\n\n<p>Le r\u00f4le essentiel de la radiologie diagnostique est <strong>d&rsquo;aider \u00e0 la caract\u00e9risation l\u00e9sionnelle<\/strong> c\u2019est-\u00e0-dire de contribuer autant qu&rsquo;on &nbsp;le peut \u00e0 identifier les causes possibles et plausibles des anomalies observ\u00e9es sur les images radiologiques.<\/p>\n\n\n\n<p>En radiologie conventionnelle, &nbsp;il s&rsquo;agit &nbsp;essentiellement d&rsquo; aspects indirects&nbsp; de radiographie par projection avec une s\u00e9miologie souvent divinatoire et confuse qui impose &nbsp;une&nbsp; \u00ab\u00a0<strong>interpr\u00e9tation<\/strong>\u00a0\u00bb de ce qui avait pu \u00eatre qualifi\u00e9 initialement d&rsquo;ombres chinoises. Aujourd&rsquo;hui, l&rsquo;imagerie en coupes, volumique, permet une v\u00e9ritable \u00ab\u00a0<strong>lecture\u00a0\u00bb<\/strong> objective des items s\u00e9miologiques et des d\u00e9tails anatomiques.<\/p>\n\n\n\n<p>Les&nbsp; capacit\u00e9s de caract\u00e9risation l\u00e9sionnelle du radiologue d\u00e9pendent totalement de son niveau de connaissance des principaux \u00e9l\u00e9ments&nbsp; tissulaires &nbsp;identifiables dans la r\u00e9gion explor\u00e9e. Il y a donc&nbsp; d&rsquo;abord un apprentissage n\u00e9cessaire de l&rsquo;identification des composants anatomiques normaux et de leurs variations. De la m\u00eame fa\u00e7on il est indispensable d&rsquo;apprendre \u00e0 reconnaitre les anomalies de&nbsp; situation, de forme, de structure provoqu\u00e9es par les processus pathologiques. L&rsquo;imagerie radiologique et l&rsquo;examen anatomo-pathologique macroscopique, qu&rsquo;il soit r\u00e9alis\u00e9&nbsp; en coupes \u00e9paisses, \u00e0 l&rsquo;\u0153il nu ou \u00e0 faible grossissement, travaillent \u00e0 la m\u00eame \u00e9chelle et sont tr\u00e8s compl\u00e9mentaires&nbsp; pour apporter les arguments de&nbsp;caract\u00e9risation l\u00e9sionnelle .&nbsp;<\/p>\n\n\n\n<p><strong>L&rsquo;imagerie radiologique volumique&nbsp;est une autopsie in vivo<\/strong> ; son&nbsp; champ d&rsquo;application va beaucoup plus&nbsp; loin que ne le permet l&rsquo;anatomie pathologique microscopique classique, gr\u00e2ce aux possibilit\u00e9s qu&rsquo;offrent &nbsp;les acquisitions multiphasiques dynamiques de d\u00e9celer les modifications microcirculatoires&nbsp; associ\u00e9es \u00e0 la pathologie en cause.<\/p>\n\n\n\n<p>Les sources comment\u00e9es &nbsp;&nbsp;de corr\u00e9lations&nbsp; radio-pathologiques sont tr\u00e8s abondantes sur le net&nbsp; et&nbsp; g\u00e9n\u00e9ralement d&rsquo;excellente facture&nbsp; Elles constituent&nbsp; le moyen le plus simple et le moins on\u00e9reux de progresser pour un jeune radiologue : Aunt Minnie case of the day ;&nbsp; KSTR case of the oeil &nbsp;; Radiopaedia ; &nbsp;Eurorad\u2026. sans oublier les sites didactiques d&rsquo;anatomie pathologique sont autant de \u00ab\u00a0livres de chevet \u00a0\u00bb qui permettent de r\u00e9pondre aux jeunes radiologues de trouver des r\u00e9ponses aux questions qu&rsquo;ils se posent. <\/p>\n\n\n\n<p>Bien s\u00fbr , rappelons que les collections de volumineux Text&nbsp; Books de langue anglaise avec leurs couleurs chamarr\u00e9es sont l&rsquo;orgueil des \u00e9tag\u00e8res &nbsp;des \u00ab\u00a0sachants\u00a0\u00bb \u00e0 qui leur fonction permet de disposer d&rsquo;un bureau, symbole de l&rsquo;autorit\u00e9. Veillons \u00e0 ce que tous ces ouvrages didactiques &nbsp;ne soient pas, avec le temps, devenus &nbsp;de simples d\u00e9cors englu\u00e9s sur les rayons de la &nbsp;\u00ab\u00a0biblioth\u00e8que de service\u00a0\u00bb<\/p>\n\n\n\n<p>Une &nbsp;source documentaire&nbsp; extr\u00eamement pr\u00e9cieuse pour la compr\u00e9hension des probl\u00e8mes rencontr\u00e9s en clinique, comme en imagerie&nbsp; est constitu\u00e9e par la douzaine de volumes&nbsp; illustr\u00e9s des \u00ab\u00a0dessins d&rsquo;artistes\u00a0\u00bb de Franck Netter et coll. dans la collection \u00ab\u00a0Ciba\u00a0\u00bb. Ces documents datant pour les plus anciens de&nbsp; 1974, demeurent une source in\u00e9puisable de dessins \u00e0 tr\u00e8s haute valeur ajout\u00e9e p\u00e9dagogique et esth\u00e9tique. Ils ont permis \u00e0 de tr\u00e8s nombreux utilisateurs de comprendre et partager ces connaissances pr\u00e9cieuses et pr\u00e9cises, anatomiques,&nbsp;physio-pathologiques, m\u00e9dicales et d&rsquo;en faire des piliers de nos enseignements.<\/p>\n\n\n\n<figure class=\"wp-block-gallery has-nested-images columns-default is-cropped wp-block-gallery-2 is-layout-flex\">\n<figure class=\"wp-block-image size-large\"><img decoding=\"async\" loading=\"lazy\" width=\"891\" height=\"1024\" data-id=\"13373\"  src=\"https:\/\/onclepaul.fr\/wp-content\/uploads\/2011\/07\/fig286-891x1024.jpg\" alt=\"\" class=\"wp-image-13373\" srcset=\"https:\/\/onclepaul.fr\/wp-content\/uploads\/2011\/07\/fig286-891x1024.jpg 891w, https:\/\/onclepaul.fr\/wp-content\/uploads\/2011\/07\/fig286-261x300.jpg 261w, https:\/\/onclepaul.fr\/wp-content\/uploads\/2011\/07\/fig286-768x883.jpg 768w, https:\/\/onclepaul.fr\/wp-content\/uploads\/2011\/07\/fig286-1336x1536.jpg 1336w, https:\/\/onclepaul.fr\/wp-content\/uploads\/2011\/07\/fig286-1781x2048.jpg 1781w, https:\/\/onclepaul.fr\/wp-content\/uploads\/2011\/07\/fig286-1140x1311.jpg 1140w\" sizes=\"(max-width: 891px) 100vw, 891px\" \/><\/figure>\n\n\n\n<figure class=\"wp-block-image size-large\"><img decoding=\"async\" loading=\"lazy\" width=\"886\" height=\"1024\" data-id=\"13374\"  src=\"https:\/\/onclepaul.fr\/wp-content\/uploads\/2011\/07\/fig96-886x1024.jpg\" alt=\"\" class=\"wp-image-13374\" srcset=\"https:\/\/onclepaul.fr\/wp-content\/uploads\/2011\/07\/fig96-886x1024.jpg 886w, https:\/\/onclepaul.fr\/wp-content\/uploads\/2011\/07\/fig96-259x300.jpg 259w, https:\/\/onclepaul.fr\/wp-content\/uploads\/2011\/07\/fig96-768x888.jpg 768w, https:\/\/onclepaul.fr\/wp-content\/uploads\/2011\/07\/fig96-1328x1536.jpg 1328w, https:\/\/onclepaul.fr\/wp-content\/uploads\/2011\/07\/fig96-1771x2048.jpg 1771w, https:\/\/onclepaul.fr\/wp-content\/uploads\/2011\/07\/fig96-1140x1318.jpg 1140w\" sizes=\"(max-width: 886px) 100vw, 886px\" \/><\/figure>\n<\/figure>\n\n\n\n<p>Enfin, last but not least , la participation \u00e0 un cycle&nbsp;de 4 semaines d\u2019enseignement de l\u2019AIRP (American Institute for Radiologic-Pathology) \u00e0 Washington est une exp\u00e9rience exceptionnelle sur les plans p\u00e9dagogique, scientifique et culturel que tout interne de radiologie devrait, \u00e0 l\u2019instar des r\u00e9sidents nord-am\u00e9ricains inscrire prioritairement dans son &nbsp;cursus.<\/p>\n\n\n\n<p><strong>Pour franchir <\/strong>le dernier pas de la lecture d&rsquo;un examen d&rsquo;imagerie, c\u2019est-\u00e0-dire <strong>passer de la caract\u00e9risation l\u00e9sionnelle aux propositions diagnostiques plausibles<\/strong>, le radiologue dispose d&rsquo;abord de son \u00ab\u00a0bagage intellectuel personnel\u00a0\u00bb, repr\u00e9sent\u00e9 essentiellement par son exp\u00e9rience, &nbsp;par l&rsquo;\u00e9tendue et la pr\u00e9cision de&nbsp; ses connaissances et par le soin qu&rsquo;il apporte \u00e0 la r\u00e9alisation pratique &nbsp;de chacun de ses examens. Tout examen d&rsquo;imagerie est donc \u00ab\u00a0op\u00e9rateur-d\u00e9pendant\u00a0\u00bb pour l&rsquo;indication, pour l&rsquo;organisation se son d\u00e9roulement, la qualit\u00e9 du compte-rendu&nbsp;&nbsp; etc \u2026 Le scanner, l&rsquo;IRM ne sont pas plus ni moins \u00ab\u00a0op\u00e9rateur-d\u00e9pendant\u00a0\u00bb que l&rsquo;\u00e9chocardiographie &nbsp;ou l&rsquo;\u00e9chographie abdomino-pelvienne.<\/p>\n\n\n\n<p>Chaque cas clinico-radiologique est une \u00e9nigme, et l&rsquo;identification de la nature du processus en cause est g\u00e9n\u00e9ralement la r\u00e9sultante de la mise en \u00e9vidence de d&rsquo;\u00e9l\u00e9ments s\u00e9miologiques qui peuvent \u00eatre facilement et rapidement reconnus par la majorit\u00e9 des radiologues. Ce sont <strong>les images \u00ab\u00a0\u00e0 la Tante Minnie\u00a0\u00bb<\/strong> des r\u00e9sidents anglophones.<\/p>\n\n\n\n<p>Dans la plupart des cas difficiles, les \u00e9l\u00e9ments s\u00e9miologiques significatifs sont plus discrets &nbsp;et plus difficiles \u00e0 percevoir car plus petits, plus dispers\u00e9s ou n&rsquo;apparaissant qu&rsquo;apr\u00e8s injection de produit de contraste. Le m\u00e9canisme&nbsp; d&rsquo;identification d&rsquo;un processus l\u00e9sionnel par l&rsquo;imagerie m\u00e9dicale&nbsp;est alors semblable \u00e0 ce qui est maintenant fr\u00e9quemment \u00e9voqu\u00e9 dans&nbsp; de nombreux domaines sous le nom de <strong>s\u00e9rendipit\u00e9. <\/strong>Sous ce terme initialement mal compris qui fait r\u00e9f\u00e9rence \u00e0 la l\u00e9gende des trois fils du prince S\u00e9rendip, on &nbsp;d\u00e9signait des d\u00e9couvertes d&rsquo;\u00e9nigmes qui semblaient \u00eatre dues \u00e0 un pur hasard (vous cherchez une aiguille dans une meule de foin et vous y trouvez la fille de la fermi\u00e8re\u2026). En fait, c&rsquo;est par leur perspicacit\u00e9 dans la recherche d&rsquo;anomalies qu&rsquo;ils avaient soigneusement analys\u00e9es que les trois fils du prince S\u00e9rendip avaient pu apporter les r\u00e9ponses aux \u00e9nigmes ou qui leur \u00e9taient pos\u00e9es. En r\u00e9alit\u00e9,&nbsp; dans la tr\u00e8s grande majorit\u00e9 des cas, les d\u00e9couvertes, grandes ou petites, m\u00eame si elles ont n\u00e9cessit\u00e9 la participation de moyens humains et de financements colossaux sont souvent la cons\u00e9quence de la perspicacit\u00e9&nbsp;d&rsquo;un seul ou de quelques lecteurs qui se sont attach\u00e9s \u00e0 trouver l&rsquo;origine d&rsquo;une ou plusieurs &nbsp;anomalies &nbsp;\u00e0 laquelle ou auxquelles leurs coll\u00e8gues n&rsquo;avaient pas accord\u00e9 l&rsquo;attention qu&rsquo;elles m\u00e9ritaient&nbsp; ou n&rsquo;avaient pas su, en raison de l&rsquo;indigence de leur niveau de connaissance, en&nbsp;apporter d&rsquo;explication convaincante. La recherche d&rsquo;une ou plusieurs explications des anomalies observ\u00e9es sur un dossier d&rsquo;imagerie diagnostique ob\u00e9it \u00e0 des m\u00e9canismes analogues. L&rsquo;avenir dira si les \u00ab\u00a0big data\u00a0\u00bb de l&rsquo;intelligence artificielle&nbsp;dont on pr\u00e9dit l&rsquo;h\u00e9g\u00e9monie permettront de s&rsquo;affranchir de l&rsquo;indispensable recherche perspicace des&nbsp; \u00e9l\u00e9ments s\u00e9miologiques significatifs qui pour le moment reste &nbsp;encore la cl\u00e9 d&rsquo;un diagnostic subtil en imagerie, n&rsquo;en d\u00e9plaise aux esprits chagrins, aux acad\u00e9miciens jaloux ou \u00e0 nos Coll\u00e8gues Cas sandres.<\/p>\n\n\n\n<p>Le radiologue doit d\u00e9velopper <strong>sa capacit\u00e9 au raisonnement heuristique <\/strong>qui &nbsp;par les \u00e9tapes qu&rsquo;il &nbsp;aura lui-m\u00eame d\u00e9finies doit lui permettre de reconnaitre, \u00e0 c\u00f4t\u00e9 des anomalies \u00e9videntes dont &nbsp;tout le monde identifie la signification au premier coup d&rsquo;oeil (\u00ab\u00a0images-cl\u00e9\u00a0\u00bb ou images dites \u00ab\u00a0\u00e0 la tante Minnie\u00a0\u00bb ) de ne pas m\u00e9conna\u00eetre &nbsp;d&rsquo;infimes d\u00e9tails qui ,s&rsquo;ils sont \u00e9tudi\u00e9s avec perspicacit\u00e9 deviendront &nbsp;des piliers du &nbsp;diagnostic (comme par exemple , le fait de d\u00e9couvrir \u00e0 terre une cerise tomb\u00e9e de son chapeau suffirait pour reconnaitre&nbsp;la Tante Minnie).<\/p>\n\n\n\n<p>Un certain nombre de difficult\u00e9s et de pi\u00e8ges peuvent entra\u00eener des conclusions diagnostiques aberrantes et sont donc importantes \u00e0 conna\u00eetre.<\/p>\n\n\n\n<p>Les jeunes radiologues (et parfois les moins jeunes) &nbsp;sont naturellement attir\u00e9s par les pathologies rares ou complexes dont on leur a&nbsp; souvent plus parl\u00e9, &nbsp;durant leur formation, que d&rsquo; affections plus fr\u00e9quentes et d&rsquo;identification plus simple. Il en r\u00e9sulte une envie naturelle&nbsp; de rencontrer ces pathologies exceptionnelles qui peut engendrer une v\u00e9ritable fascination, pour &nbsp;le radiologue, le poussant \u00e0 \u00ab\u00a0forcer\u00a0\u00bb le diagnostic. On peut ainsi \u00eatre entra\u00een\u00e9 &nbsp;jusqu&rsquo;\u00e0 la faute que repr\u00e9sente l&rsquo;affirmation d&rsquo;un diagnostic&nbsp;erron\u00e9, &nbsp;cons\u00e9quence d&rsquo;un mauvais &nbsp;jugement induit par l&rsquo;orgueil\u2026 le d\u00e9sir de para\u00eetre ou simplement le r\u00eave &nbsp;de rencontrer cette \u00ab\u00a0fascinose\u00a0\u00bb comme la r\u00e9compense d&rsquo;une vie de radiologue \u2026!<\/p>\n\n\n\n<div class=\"wp-block-columns is-layout-flex wp-container-8\">\n<div class=\"wp-block-column is-layout-flow\">\n<p>Un autre bon conseil&nbsp;&nbsp;m\u00e9rite d&rsquo;\u00eatre enseign\u00e9 aux jeunes radiologues; il concerne le bon sens dont on doit faire preuve lorsqu&rsquo;on cherche \u00e0 pr\u00e9ciser&nbsp; par des explorations radiologiques la r\u00e9alit\u00e9 et &nbsp;les causes d&rsquo;un &nbsp;\u00e9tat pathologique. Une m\u00e9taphore c\u00e9l\u00e8bre et souvent entendue outre-Atlantique &nbsp;exprime bien la n\u00e9cessit\u00e9 de rester raisonnable lorsqu&rsquo;on formule des hypoth\u00e8se diagnostiques :<\/p>\n\n\n\n<ul>\n<li><strong>Si vous entendez un bruit de galop, attendez-vous \u00e0 rencontrer un cheval plut\u00f4t qu&rsquo;un z\u00e8bre<\/strong><\/li>\n\n\n\n<li><strong>When you hear hoofbeats in the hall, don\u2019t look for zebras\u00a0\u00bb<\/strong><\/li>\n<\/ul>\n\n\n\n<p>Zebra (ou z\u00e8bre) est un terme du jargon &nbsp;m\u00e9dical en langue anglaise employ\u00e9 pour d\u00e9signer un diagnostic rare et inattendu,&nbsp; pouvant correspondre \u00e0 une maladie rare ou&nbsp; \u00e0 une &nbsp;pr\u00e9sentation inhabituelle d&rsquo;une maladie plus commune. Retenons donc qu&rsquo;il &nbsp;faut malgr\u00e9 l&rsquo;envie l\u00e9gitime &nbsp;que nous avons toutes et tous ( et surtout les plus jeunes ) de faire un diagnostic brillant d&rsquo;une pathologie exceptionnelle, &nbsp;\u00eatre prudents et savoir avec humilit\u00e9 nous entourer des conseils de coll\u00e8gues plus &nbsp;exp\u00e9riment\u00e9s.<\/p>\n<\/div>\n\n\n\n<div class=\"wp-block-column is-vertically-aligned-center is-layout-flow\">\n<figure class=\"wp-block-gallery has-nested-images columns-default is-cropped wp-block-gallery-5 is-layout-flex\">\n<figure class=\"wp-block-image size-large\"><img decoding=\"async\" loading=\"lazy\" width=\"1024\" height=\"768\" src=\"https:\/\/onclepaul.fr\/wp-content\/uploads\/2011\/07\/Zorse-wp.jpg\" alt=\"\" class=\"wp-image-13375\" srcset=\"https:\/\/onclepaul.fr\/wp-content\/uploads\/2011\/07\/Zorse-wp.jpg 1024w, https:\/\/onclepaul.fr\/wp-content\/uploads\/2011\/07\/Zorse-wp-300x225.jpg 300w, https:\/\/onclepaul.fr\/wp-content\/uploads\/2011\/07\/Zorse-wp-768x576.jpg 768w\" sizes=\"(max-width: 1024px) 100vw, 1024px\" \/><\/figure>\n<\/figure>\n<\/div>\n<\/div>\n","protected":false},"excerpt":{"rendered":"<p>Bienvenue sur le site onclepaul. Ce site \u00e0 vocation exclusivement p\u00e9dagogique et orient\u00e9 vers l&rsquo;imagerie diagnostique met \u00e0 la disposition des utilisateurs (\u00e9tudiants, sp\u00e9cialistes en formation initiale ou continue) un riche contenu constitu\u00e9 de cas cliniques divers et vari\u00e9s mais \u00e9galement de cours et conf\u00e9rences correspondant \u00e0 des expos\u00e9s plus complets et adapt\u00e9s \u00e0 l&rsquo;enseignement &hellip; <\/p>\n<p><a class=\"more-link btn\" href=\"https:\/\/onclepaul.fr\/\">Lire la suite<\/a><\/p>\n","protected":false},"author":1,"featured_media":0,"parent":36,"menu_order":1,"comment_status":"closed","ping_status":"open","template":"template-onecolumn.php","meta":[],"_links":{"self":[{"href":"https:\/\/onclepaul.fr\/index.php?rest_route=\/wp\/v2\/pages\/40"}],"collection":[{"href":"https:\/\/onclepaul.fr\/index.php?rest_route=\/wp\/v2\/pages"}],"about":[{"href":"https:\/\/onclepaul.fr\/index.php?rest_route=\/wp\/v2\/types\/page"}],"author":[{"embeddable":true,"href":"https:\/\/onclepaul.fr\/index.php?rest_route=\/wp\/v2\/users\/1"}],"replies":[{"embeddable":true,"href":"https:\/\/onclepaul.fr\/index.php?rest_route=%2Fwp%2Fv2%2Fcomments&post=40"}],"version-history":[{"count":301,"href":"https:\/\/onclepaul.fr\/index.php?rest_route=\/wp\/v2\/pages\/40\/revisions"}],"predecessor-version":[{"id":13531,"href":"https:\/\/onclepaul.fr\/index.php?rest_route=\/wp\/v2\/pages\/40\/revisions\/13531"}],"up":[{"embeddable":true,"href":"https:\/\/onclepaul.fr\/index.php?rest_route=\/wp\/v2\/pages\/36"}],"wp:attachment":[{"href":"https:\/\/onclepaul.fr\/index.php?rest_route=%2Fwp%2Fv2%2Fmedia&parent=40"}],"curies":[{"name":"wp","href":"https:\/\/api.w.org\/{rel}","templated":true}]}}