{"id":6406,"date":"2013-03-22T09:09:15","date_gmt":"2013-03-22T08:09:15","guid":{"rendered":"http:\/\/radiologie-brabois.com\/?page_id=6406"},"modified":"2022-03-19T15:54:36","modified_gmt":"2022-03-19T14:54:36","slug":"uro-genital","status":"publish","type":"page","link":"https:\/\/onclepaul.fr\/?page_id=6406","title":{"rendered":"Uro-g\u00e9nital"},"content":{"rendered":"\n<h2 class=\"wp-block-heading\"><strong>PATHOLOGIES RENALES<\/strong><\/h2>\n\n\n\n<ul><li><a href=\"http:\/\/onclepaul.net\/wp-content\/uploads\/2011\/07\/AnatomieFILEminimizer.pdf\">Anatomie de l&rsquo;appareil urinaire<\/a><\/li><li><a href=\"http:\/\/onclepaul.net\/wp-content\/uploads\/2011\/07\/EmbryologieFILEminimizer.pdf\">Embryologie de l&rsquo;appareil uro-g\u00e9nital<\/a><\/li><li><a href=\"http:\/\/onclepaul.net\/wp-content\/uploads\/2011\/07\/m\u00e9thodes-dexplorationFILEminimizer.pdf\">Techniques d&rsquo;exploration de l&rsquo;appareil urinaire<\/a><\/li><li><a href=\"http:\/\/onclepaul.net\/wp-content\/uploads\/2011\/07\/lithiases-urinairesFILEminimizer.pdf\">Lithiases urinaires<\/a><\/li><li><a href=\"http:\/\/onclepaul.net\/wp-content\/uploads\/2011\/07\/T-r\u00e9nales-solides-2010-DRFILEminimizer.pdf\">Tumeurs r\u00e9nales solides\u00a0<\/a><\/li><li><a href=\"http:\/\/onclepaul.net\/?attachment_id=6073\">Classification des masses solides du rein<\/a><\/li><li><a href=\"http:\/\/onclepaul.fr\/wp-content\/uploads\/2011\/07\/K-Rein-RD.pdf\">Tumeurs r\u00e9nales solides &#8211; RD<\/a><\/li><li><a href=\"http:\/\/onclepaul.net\/wp-content\/uploads\/2011\/07\/def-tumeurs-du-reinFILEminimizer.pdf\">ECN 058 tumeurs du rein<\/a><\/li><li><a href=\"http:\/\/onclepaul.net\/wp-content\/uploads\/2011\/07\/Pr\u00e9sentation1.pdf\">Kystes et tumeurs kystiques du rein\u00a0<\/a><\/li><li><a href=\"http:\/\/onclepaul.net\/wp-content\/uploads\/2011\/07\/h%C3%A9maturie-DR-2011FILEminimizer.pdf\">H\u00e9maturie et imagerie<\/a><\/li><li><a href=\"http:\/\/onclepaul.net\/wp-content\/uploads\/2011\/07\/REIN-INFECTIEUX-2010-AGFILEminimizer.pdf\">Rein infectieux\u00a0<\/a><\/li><li><a href=\"http:\/\/onclepaul.net\/wp-content\/uploads\/2011\/07\/Pathologie-vasculaire-du-rein-AF-2011FILEminimizer.pdf\">Pathologie vasculaire du rein<\/a><\/li><li><a href=\"http:\/\/onclepaul.net\/wp-content\/uploads\/2011\/07\/GREFFON-cours-HRM-2010FILEminimizer.pdf\">Rein transplant\u00e9\u00a0<\/a><\/li><li><a href=\"http:\/\/onclepaul.net\/wp-content\/uploads\/2011\/07\/FAV-juin-20131.pdf\">Echo-Doppler des fistules d&rsquo;h\u00e9modialyse<\/a><\/li><li><a href=\"http:\/\/onclepaul.net\/wp-content\/uploads\/2011\/07\/IRA-IRC-HRM-2010FILEminimizer.pdf\">Insuffisances r\u00e9nales ;fibrose syst\u00e9mique<\/a><\/li><li><a href=\"http:\/\/onclepaul.net\/wp-content\/uploads\/2011\/07\/L\u00e9sions-traumatiques-rein-AF-2011FILEminimizer.pdf\">L\u00e9sions traumatiques appareil urinaire<\/a><\/li><\/ul>\n\n\n\n<h5 class=\"wp-block-heading\"><strong>Cas cliniques<\/strong><\/h5>\n\n\n\n<ul><li><a href=\"http:\/\/onclepaul.net\/wp-content\/uploads\/2011\/07\/nokia.pptFILEminimizer2.pdf\">Nocardiose r\u00e9nale&nbsp;<\/a><\/li><li><a href=\"http:\/\/onclepaul.net\/wp-content\/uploads\/2011\/07\/reinFILEminimizer1.pdf\">Abc\u00e8s du rein phlegmon p\u00e9rinephretique<\/a><\/li><li><a href=\"http:\/\/onclepaul.net\/wp-content\/uploads\/2011\/07\/mrkh.pptFILEminimizer1.pdf\">Ectopie &nbsp;r\u00e9nale pelvienne<\/a><\/li><li><a href=\"http:\/\/onclepaul.net\/wp-content\/uploads\/2011\/07\/psFILEminimizer2.pdf\">P\u00e9ritonite stercorale post n\u00e9phrectomie \u00e9largie&nbsp;<\/a><\/li><li><a href=\"http:\/\/onclepaul.net\/wp-content\/uploads\/2011\/07\/stbFILEminimizer3.pdf\">Scl\u00e9rose tub\u00e9reuse de Bourneville l\u00e9sions r\u00e9nales&nbsp;<\/a><\/li><li><a href=\"http:\/\/onclepaul.net\/wp-content\/uploads\/2011\/07\/mtgrFILEminimizer2.pdf\">Cancer du rein m\u00e9tastases osseuses<\/a><\/li><li><a href=\"http:\/\/onclepaul.net\/wp-content\/uploads\/2011\/07\/amyFILEminimizer1.pdf\">Angiomyolipomes r\u00e9naux<\/a><\/li><li><a href=\"http:\/\/onclepaul.net\/wp-content\/uploads\/2011\/07\/amyFILEminimizerFILEminimizer2.pdf\">Angiomyolipome et syndrome de Wunderlich<\/a><\/li><li><a href=\"http:\/\/onclepaul.net\/wp-content\/uploads\/2011\/07\/carmuFILEminimizer1.pdf\">Carcinome r\u00e9nal mutikystique \u00e0 cellules claires&nbsp;<\/a><\/li><li><a href=\"http:\/\/onclepaul.net\/wp-content\/uploads\/2011\/07\/nekyFILEminimizer1.pdf\">Angiomyolipome pauvre en graisse&nbsp;<\/a><\/li><li><a href=\"http:\/\/onclepaul.net\/wp-content\/uploads\/2011\/07\/nekyFILEminimizer2.pdf\">N\u00e9phrome kystique multiloculaire de l&rsquo;adulte&nbsp;<\/a><\/li><li><a href=\"http:\/\/onclepaul.net\/?attachment_id=6078\">Lymphome calcifi\u00e9 py\u00e9lique<\/a><\/li><li><a href=\"http:\/\/onclepaul.net\/?attachment_id=6272\">Kystes p\u00e9ripy\u00e9liques et kyste parapy\u00e9lique&nbsp;<\/a><\/li><li><a href=\"http:\/\/onclepaul.net\/?attachment_id=6345\">Ad\u00e9nocarcinome r\u00e9nal \u00e0 cellules chromophobes &nbsp;<\/a><\/li><li><a href=\"http:\/\/onclepaul.net\/wp-content\/uploads\/2011\/07\/have1.pdf\">Extension veineuse des angiomyolipomes du rein &nbsp;<\/a><\/li><li><a href=\"http:\/\/onclepaul.fr\/wp-content\/uploads\/2011\/07\/foru1.pdf\">Rupture de fornix caliciel &nbsp;<\/a><\/li><li><a href=\"http:\/\/onclepaul.fr\/wp-content\/uploads\/2011\/07\/l\u00e9iomyome-m\u00e9tastasiant-b\u00e9nin-pulmonaire.pdf\">L\u00e9iomyome m\u00e9tastasiant b\u00e9nin pulmonaire<\/a><\/li><li><a href=\"http:\/\/onclepaul.fr\/wp-content\/uploads\/2011\/07\/jjca2.pdf\">Incrustation calcique des catheters urinaires<\/a><\/li><li><a href=\"http:\/\/onclepaul.fr\/wp-content\/uploads\/2011\/07\/py\u00e9lite-incrustante.pdf\">Py\u00e9lite incrustante<\/a><\/li><li><a href=\"http:\/\/onclepaul.fr\/wp-content\/uploads\/2011\/07\/kyste-py\u00e9log\u00e9nique.pdf\">Diverticule caliciel ou kyste py\u00e9log\u00e9nique<\/a><\/li><li><a href=\"http:\/\/onclepaul.fr\/wp-content\/uploads\/2011\/07\/Traumatismes-ferm\u00e9s-du-rein.pdf\">Traumatismes ferm\u00e9s du rein<\/a><\/li><li><a href=\"http:\/\/onclepaul.fr\/wp-content\/uploads\/2011\/07\/Hernie-Inguinale-Uret\u00e9rale-01.pdf\">Hernie inguinale uret\u00e9rale&nbsp;<\/a><\/li><li><a href=\"http:\/\/onclepaul.fr\/wp-content\/uploads\/2011\/07\/oncocytome-vs-carc-papillaire1.pdf\">Oncocytome-vs-carcinome-papillaire<\/a><\/li><li><a href=\"http:\/\/onclepaul.fr\/wp-content\/uploads\/2011\/07\/lymphangiectasies-r\u00e9nales-marsupialisation.pdf\">Lymphangiectasies r\u00e9nales marsupialisation<\/a><\/li><li><a href=\"http:\/\/onclepaul.fr\/wp-content\/uploads\/2011\/07\/duplication-ur\u00e9t\u00e9rale2013-.ppt\">Duplication du syst\u00e8me excr\u00e9teur du haut-appareil urinaire&nbsp;<\/a><\/li><li><a href=\"http:\/\/onclepaul.fr\/wp-content\/uploads\/2011\/07\/Traumatisme-ferm\u00e9s-du-rein1.pdf\">Traumatisme ferm\u00e9s du haut appareil urinaire&nbsp;<\/a><\/li><li><a href=\"http:\/\/onclepaul.fr\/wp-content\/uploads\/2011\/07\/plaie-s\u00e8che-de-lart\u00e8re-r\u00e9nale.pdf\">Plaie s\u00e8che de l&rsquo;art\u00e8re r\u00e9nale<\/a><\/li><li><a href=\"http:\/\/onclepaul.fr\/wp-content\/uploads\/2011\/07\/actinomycose-r\u00e9nale.pdf\">Actinomycose r\u00e9nale<\/a><\/li><li><a href=\"http:\/\/onclepaul.fr\/wp-content\/uploads\/2011\/07\/sarcome-\u00e0-cellules-claires-du-rein.pdf\">Carcinome \u00e0 cellules claires du rein<\/a><\/li><li><a href=\"http:\/\/onclepaul.fr\/wp-content\/uploads\/2011\/07\/rupture-de-fornix-AC2011-.pdf\">Stase urinaire aigu\u00eb;&nbsp; rupture de fornix<\/a><\/li><li><a href=\"http:\/\/onclepaul.fr\/wp-content\/uploads\/2011\/07\/py\u00e9lon\u00e9phrite-xanthogranulomateuse.pdf\">Py\u00e9lon\u00e9phrite xanthogranulomateuse<\/a><\/li><li><a href=\"http:\/\/onclepaul.fr\/wp-content\/uploads\/2011\/07\/syndrome-de-Wunderlich.pdf\">Syndrome de Wunderlich<\/a><\/li><li><a href=\"http:\/\/onclepaul.fr\/wp-content\/uploads\/2011\/07\/tumeur-fibreuse-solitaire-de-la-capsule-du-rein-\u00e9tendue-\u00e0-la-VCI1.pdf\">Tumeur fibreuse solitaire de la capsule du rein \u00e9tendue \u00e0 la VCI<\/a><\/li><li><a href=\"http:\/\/onclepaul.fr\/wp-content\/uploads\/2011\/07\/h\u00e9matome-spontan\u00e9-de-la-loge-r\u00e9nale-sous-anticoagulants.pdf\">H\u00e9matome spontan\u00e9 de la loge r\u00e9nale sous anticoagulants<\/a><\/li><\/ul>\n\n\n\n<p><\/p>\n\n\n\n<h2 class=\"wp-block-heading\"><strong>PATHOLOGIES DES GLANDES SURRENALES<\/strong><\/h2>\n\n\n\n<ul><li><a href=\"http:\/\/onclepaul.fr\/wp-content\/uploads\/2011\/07\/Anatomie-Surrenales-RD-2022.pdf\">Anatomie Surr\u00e9nales RD &#8211; 2022<\/a><\/li><li><a href=\"http:\/\/onclepaul.fr\/wp-content\/uploads\/2011\/07\/Surr\u00e9nales-2015.pdf\">Surr\u00e9nales normales et pathologiques \u00a0<\/a><\/li><li><a href=\"http:\/\/onclepaul.fr\/wp-content\/uploads\/2011\/07\/L\u00e9sions-surr\u00e9naliennes1.pdf\">L\u00e9sions surr\u00e9naliennes-donn\u00e9es r\u00e9centes<\/a><\/li><\/ul>\n\n\n\n<h5 class=\"wp-block-heading\"><strong>Cas cliniques<\/strong><\/h5>\n\n\n\n<ul><li><a href=\"http:\/\/onclepaul.net\/wp-content\/uploads\/2011\/07\/surr\u00e9nale-FILEminimizer2.pdf\">Ph\u00e9ochromocytome et grossesse<\/a><\/li><li><a href=\"http:\/\/onclepaul.net\/wp-content\/uploads\/2011\/07\/hsurFILEminimizer1.pdf\">H\u00e9matomes surr\u00e9naliens<\/a><\/li><li><a href=\"http:\/\/onclepaul.net\/wp-content\/uploads\/2011\/07\/mysuFILEminimizer1.pdf\">My\u00e9lolipomes surr\u00e9naliens<\/a><\/li><li><a href=\"http:\/\/onclepaul.fr\/wp-content\/uploads\/2011\/07\/tusu.pdf\">Ph\u00e9ochromocytomes classiques&nbsp;<\/a><\/li><li><a href=\"http:\/\/onclepaul.net\/?attachment_id=6114\">Kyste&nbsp; surr\u00e9nalien&nbsp;<\/a><\/li><li><a href=\"http:\/\/onclepaul.net\/?attachment_id=6296\">Ph\u00e9ochromocytome g\u00e9ant kystis\u00e9<\/a><\/li><li><a href=\"http:\/\/onclepaul.fr\/wp-content\/uploads\/2011\/07\/lymphomes-surr\u00e9naliens1.pdf\">Lymphomes surr\u00e9naliens&nbsp;<\/a><\/li><li><a href=\"http:\/\/onclepaul.fr\/wp-content\/uploads\/2011\/07\/ph\u00e9ochromocytome-rompu.pdf\">Ph\u00e9ochromocytome myocardite aigue adr\u00e9nergique&nbsp;<\/a><\/li><li><a href=\"http:\/\/onclepaul.fr\/wp-content\/uploads\/2011\/07\/tumeurcollision-surr\u00e9nalienne.pdf\">Tumeur collision surr\u00e9nalienne<\/a><\/li><li><a href=\"http:\/\/onclepaul.fr\/wp-content\/uploads\/2011\/07\/tumeur-composite-surr\u00e9nalle-ph\u00e9o-ganglioneurone.pdf\">Tumeur composite surr\u00e9nale ph\u00e9o ganglioneurone<\/a><\/li><li><a href=\"http:\/\/onclepaul.fr\/wp-content\/uploads\/2011\/07\/lymphangiome-kystique-surr\u00e9nalien.pdf\">Lymphangiome kystique surr\u00e9nalien<\/a><\/li><\/ul>\n\n\n\n<p><\/p>\n\n\n\n<h2 class=\"wp-block-heading\"><strong>PATHOLOGIES DE LA VESSIE ET DES URETERES<\/strong><\/h2>\n\n\n\n<ul><li><a href=\"http:\/\/onclepaul.net\/wp-content\/uploads\/2011\/07\/M\u00e9thodes-dexploration-du-bas-appareil-urinaire-01-JM-2010FILEminimizerFILEminimizer.pdf\">Exploration du bas appareil urinaire<\/a><\/li><li><a href=\"http:\/\/onclepaul.net\/wp-content\/uploads\/2011\/07\/Vessie-JM-2010FILEminimizer1.pdf\">Pathologies v\u00e9sicales<\/a><\/li><li><a href=\"http:\/\/onclepaul.net\/wp-content\/uploads\/2011\/07\/2010-stase-urinaireHRMFILEminimizer.pdf\">Stase urinaire<\/a><\/li><li><a href=\"http:\/\/onclepaul.net\/wp-content\/uploads\/2011\/07\/STASE-URINARE-DR-2011.pptx-Enregistrement-automatiqueFILEminimizer.pdf\">Stase urinaire imagerie<\/a><\/li><\/ul>\n\n\n\n<h5 class=\"wp-block-heading\"><strong>Cas cliniques<\/strong><\/h5>\n\n\n\n<ul><li><a href=\"http:\/\/onclepaul.net\/wp-content\/uploads\/2011\/07\/vessie-divFILEminimizer1.pdf\">Diverticule et carcinome urothelial<\/a><\/li><li><a href=\"http:\/\/onclepaul.net\/wp-content\/uploads\/2011\/07\/urv1.pdf\">Urinome p\u00e9riton\u00e9al rupture vessie<\/a><\/li><li><a href=\"http:\/\/onclepaul.net\/wp-content\/uploads\/2011\/07\/kioFILEminimizer1.pdf\">Kyste de l&rsquo;ouraque infect\u00e9&nbsp;<\/a><\/li><li><a href=\"http:\/\/onclepaul.net\/wp-content\/uploads\/2011\/07\/cyempFILEminimizer1.pdf\">Cystites emphys\u00e9mateuses et gangr\u00e9neuses<\/a><\/li><li><a href=\"http:\/\/onclepaul.net\/wp-content\/uploads\/2011\/07\/paveFILEminimizer2.pdf\">Paragangliome ( ph\u00e9ochromocytome) v\u00e9sical<\/a><\/li><li><a href=\"http:\/\/onclepaul.net\/wp-content\/uploads\/2011\/07\/levesFILEminimizer1.pdf\">L\u00e9iomyome v\u00e9sical<\/a><\/li><li><a href=\"http:\/\/onclepaul.fr\/wp-content\/uploads\/2011\/07\/exstrophie-v\u00e9sicale.pdf\">Exstrophie v\u00e9sicale<\/a><\/li><li><a href=\"http:\/\/onclepaul.fr\/wp-content\/uploads\/2011\/07\/jjca2.pdf\">Incrustation calcique des catheters urinaires<\/a><\/li><li><a href=\"http:\/\/onclepaul.fr\/wp-content\/uploads\/2011\/07\/cystite-incrustante.pdf\">Cystite incrustante alcaline&nbsp;<\/a><\/li><\/ul>\n\n\n\n<p><\/p>\n\n\n\n<h2 class=\"wp-block-heading\"><strong>PATHOLOGIES DE L&rsquo;APPAREIL GENITAL MASCULIN<\/strong><\/h2>\n\n\n\n<ul><li><a href=\"http:\/\/onclepaul.net\/wp-content\/uploads\/2011\/07\/prostate-diu-2011FILEminimizer.pdf\">Pathologies prostatiques &nbsp;<\/a><\/li><li><a href=\"http:\/\/onclepaul.net\/wp-content\/uploads\/2011\/07\/DU-TESTICULE-2011-AGFILEminimizer.pdf\">Pathologies du testicule<\/a><\/li><li><a href=\"http:\/\/onclepaul.net\/wp-content\/uploads\/2011\/07\/DU-HYPOFERTILITE-MASCUL.-2011-AGFILEminimizer.pdf\">Imagerie des hypofertilit\u00e9s masculines<\/a><\/li><li><a href=\"http:\/\/onclepaul.net\/wp-content\/uploads\/2011\/07\/RI-JM-2010FILEminimizer.pdf\">Radiologie interventionnelle uro-gyn\u00e9cologique<\/a><\/li><\/ul>\n\n\n\n<h5 class=\"wp-block-heading\"><strong>Cas cliniques<\/strong><\/h5>\n\n\n\n<ul><li><a href=\"http:\/\/onclepaul.net\/wp-content\/uploads\/2011\/07\/calcifocations-d\u00e9f\u00e9rentielles-NA-+++2008FILEminimizerFILEminimizer.pdf\">Calcifications d\u00e9f\u00e9rentielles<\/a><\/li><li><a href=\"http:\/\/onclepaul.net\/wp-content\/uploads\/2011\/07\/Cas-22FILEminimizer8.pdf\">Traumatisme p\u00e9nien<\/a><\/li><li><a href=\"http:\/\/onclepaul.net\/wp-content\/uploads\/2011\/07\/uroFILEminimizer3.pdf\">S\u00e9minome<\/a><\/li><li><a href=\"http:\/\/onclepaul.net\/wp-content\/uploads\/2011\/07\/bsvFILEminimizer1.pdf\">Priapisme<\/a><\/li><li><a href=\"http:\/\/onclepaul.net\/?attachment_id=6325\">Infection g\u00e9ante \u00e0 molluscum contagiosum&nbsp;<\/a><\/li><li><a href=\"http:\/\/onclepaul.fr\/wp-content\/uploads\/2011\/07\/spevemb1.pdf\">Varicoc\u00e8le<\/a><\/li><li><a href=\"http:\/\/onclepaul.fr\/wp-content\/uploads\/2011\/07\/spl\u00e9noses-pelviennes1.pdf\">Spl\u00e9noses pelviennes<\/a><\/li><li><a href=\"http:\/\/onclepaul.fr\/wp-content\/uploads\/2011\/07\/burned-out-testis-s\u00e9minome.pdf\">Burned-out-testis-s\u00e9minome<\/a><\/li><li><a href=\"http:\/\/onclepaul.fr\/wp-content\/uploads\/2011\/07\/vascularite-testiculaire1.pdf\">Vascularite testiculaire<\/a><\/li><li><a href=\"http:\/\/onclepaul.fr\/wp-content\/uploads\/2011\/07\/PAN-vs-LMNH-testiculaire.pdf\">PAN vs LMNH testiculaire<\/a><\/li><li><a href=\"http:\/\/onclepaul.fr\/wp-content\/uploads\/2011\/07\/kystes-prostatiques.pdf\">Kystes prostatiques<\/a><\/li><\/ul>\n\n\n\n<p><\/p>\n\n\n\n<h2 class=\"wp-block-heading\"><strong>PATHOLOGIES RETROPERITONEALES<\/strong><\/h2>\n\n\n\n<ul><li><a href=\"http:\/\/onclepaul.net\/wp-content\/uploads\/2011\/07\/DU-RETRO-PERITOINE-1-DR-2011FILEminimizer.pdf\">R\u00e9trop\u00e9ritoine&nbsp;<strong>01<\/strong>&nbsp;pathologie non tumorale<\/a><\/li><li><a href=\"http:\/\/onclepaul.net\/wp-content\/uploads\/2011\/07\/DU-RETROPERITOINE-T-PRIMITIVES-2.ppTFILEminimizer.pdf\">R\u00e9trop\u00e9ritoine&nbsp;<strong>02<\/strong>&nbsp;&nbsp; tumeurs &nbsp;primitives<\/a><\/li><li><a href=\"http:\/\/onclepaul.net\/wp-content\/uploads\/2011\/07\/DU-RETOPERITOINEADP-3-2011.pptFILEminimizer.pdf\">R\u00e9trop\u00e9ritoine <strong>03<\/strong> ad\u00e9nopathies<\/a><\/li><li><a href=\"http:\/\/onclepaul.fr\/wp-content\/uploads\/2011\/07\/T-r\u00e9ttrop\u00e9rit.pdf\">Mieux caract\u00e9riser les T r\u00e9trop\u00e9riton\u00e9ales primitives&nbsp;<\/a><\/li><\/ul>\n\n\n\n<h5 class=\"wp-block-heading\"><strong>Cas cliniques<\/strong><\/h5>\n\n\n\n<ul><li><a href=\"http:\/\/onclepaul.net\/wp-content\/uploads\/2011\/07\/Cas-cliniques-r%C3%A9trop%C3%A9ritoine-AF-2011FILEminimizer.pdf\">Cas cliniques r\u00e9trop\u00e9ritoine-pelvis<\/a><\/li><li><a href=\"http:\/\/onclepaul.fr\/wp-content\/uploads\/2011\/07\/Cas-cliniques-r%C3%A9trop%C3%A9ritoine-AF-DR-20161.pdf\">Cas cliniques r\u00e9trop\u00e9ritoine<\/a><\/li><li><a href=\"http:\/\/onclepaul.net\/wp-content\/uploads\/2011\/07\/angiosarcome-VCIVL2010+++FILEminimizer1.pdf\">Sarcome VCI<\/a><\/li><li><a href=\"http:\/\/onclepaul.net\/wp-content\/uploads\/2011\/07\/r\u00e9trop\u00e9ritoineFILEminimizer1.pdf\">L\u00e9iomyomatose de la VCI<\/a><\/li><li><a href=\"http:\/\/onclepaul.net\/wp-content\/uploads\/2011\/07\/\u00e9nigme.pptFILEminimizer2.pdf\">R\u00e9tropneumop\u00e9ritoine psychologique<\/a><\/li><li><a href=\"http:\/\/onclepaul.net\/wp-content\/uploads\/2011\/07\/poumon-.pptFILEminimizer2.pdf\">Lymphangioleiomymatose retrop\u00e9rit<\/a><\/li><li><a href=\"http:\/\/onclepaul.net\/wp-content\/uploads\/2011\/07\/mvrFILEminimizer2.pdf\">Neurofibrome plexiforme periportal<\/a><\/li><li><a href=\"http:\/\/onclepaul.net\/wp-content\/uploads\/2011\/07\/ggn.FILEminimizer1.pdf\">Ganglioneurome r\u00e9trop\u00e9riton\u00e9al<\/a><\/li><li><a href=\"http:\/\/onclepaul.net\/wp-content\/uploads\/2011\/07\/prpFILEminimizer2.pdf\">Pneumor\u00e9trop\u00e9ritoine et espace sous p\u00e9riton\u00e9al splanchnique<\/a><\/li><li><a href=\"http:\/\/onclepaul.net\/wp-content\/uploads\/2011\/07\/frpp-FILEminimizer1.pdf\">Fibrose r\u00e9trop\u00e9riton\u00e9ale primitive<\/a><\/li><li><a href=\"http:\/\/onclepaul.net\/wp-content\/uploads\/2011\/07\/plarep.pdf\">Plasmocytome primitif du r\u00e9tro p\u00e9ritoine<\/a><\/li><li><a href=\"http:\/\/onclepaul.net\/wp-content\/uploads\/2011\/07\/ystrp4.pdf\">\u00ab\u00a0Burned out\u00a0\u00bb &nbsp;tumeur vitelline<\/a><\/li><li><a href=\"http:\/\/onclepaul.net\/wp-content\/uploads\/2011\/07\/perch3.pdf\">Erdheim-Chetser reins chevelus<\/a><\/li><li><a href=\"http:\/\/onclepaul.fr\/wp-content\/uploads\/2011\/07\/camyl2.pdf\">Amylose calcifi\u00e9e du r\u00e9trop\u00e9ritoine<\/a><\/li><li><a href=\"http:\/\/onclepaul.fr\/wp-content\/uploads\/2011\/07\/redeli1.pdf\">Liposarcome d\u00e9diff\u00e9renci\u00e9 du r\u00e9trop\u00e9ritoine<\/a><\/li><li><a href=\"http:\/\/onclepaul.fr\/wp-content\/uploads\/2011\/07\/l\u00e9iomyomatose-VCI-et-VUO.pdf\">L\u00e9iomyomatose VCI &nbsp;veine ut\u00e9ro-ovarienne<\/a><\/li><li><a href=\"http:\/\/onclepaul.fr\/wp-content\/uploads\/2011\/07\/Choriocarcinome-Charles-LOMBARD1.pdf\">M\u00e9tas h\u00e9morragiques burned-out choriocarcinome<\/a><\/li><li><a href=\"http:\/\/onclepaul.fr\/wp-content\/uploads\/2011\/07\/burned-out-estis-s\u00e9minome.pdf\">Burned-out testis s\u00e9minome<\/a><\/li><li><a href=\"http:\/\/onclepaul.fr\/wp-content\/uploads\/2011\/07\/Quelques-masses-abdo-pelviennes1.pdf\">Masses abdo-pelviennes de l&rsquo;enfant<\/a><\/li><li><a href=\"http:\/\/onclepaul.fr\/wp-content\/uploads\/2011\/07\/Lymphangiomes-Kystiques-r\u00e9trop\u00e9riton\u00e9aux1.pdf\">Lymphangiomes Kystiques r\u00e9trop\u00e9riton\u00e9aux<\/a><\/li><li><a href=\"http:\/\/onclepaul.fr\/wp-content\/uploads\/2011\/07\/sarcome-de-la-VCI.pdf\">Sarcome-de-la VCI<\/a><\/li><li><a href=\"http:\/\/onclepaul.fr\/wp-content\/uploads\/2011\/07\/cytost\u00e9aton\u00e9crose-p\u00e9riton\u00e9ale.pdf\">Cytost\u00e9aton\u00e9crose r\u00e9trop\u00e9riton\u00e9ale<\/a><\/li><li><a href=\"http:\/\/onclepaul.fr\/wp-content\/uploads\/2011\/07\/maladie-de-Castelman-unifocale-r\u00e9trop\u00e9riton\u00e9ale1.pdf\">Maladie de Castelman unifocale r\u00e9trop\u00e9riton\u00e9ale<\/a><\/li><li><a href=\"http:\/\/onclepaul.fr\/wp-content\/uploads\/2011\/07\/imagerie-de-lamylo\u00efdose-visc\u00e9rale1.pdf\">Imagerie de l&rsquo;amylo\u00efdose visc\u00e9rale<\/a><\/li><li><a href=\"http:\/\/onclepaul.fr\/wp-content\/uploads\/2011\/07\/r%C3%A9trop%C3%A9ritoine-urinome-def-0-09ultima-Enregistrement-automatique.pdf\">R\u00e9trop\u00e9ritoine urinome<\/a><\/li><\/ul>\n\n\n\n<p><\/p>\n\n\n\n<p><strong>PUBLICATIONS<\/strong><\/p>\n\n\n\n<ul><li><a href=\"http:\/\/onclepaul.net\/wp-content\/uploads\/2011\/07\/Expression-colique-des-p\u00e9rin\u00e9phritesFILEminimizer.pdf\">Expression colique des p\u00e9rin\u00e9phrites, J. Radiol., 1979<\/a><\/li><li><a href=\"http:\/\/onclepaul.net\/wp-content\/uploads\/2011\/07\/Place-de-lart\u00e9rio.-dans-les-impuissances-viriles-post-traumaFILEminimizer.pdf\">Place de l&rsquo;art\u00e9rio. dans les impuissances viriles post-trauma., J. Radiol., 1979<\/a><\/li><li><a href=\"http:\/\/onclepaul.net\/wp-content\/uploads\/2011\/07\/Sarcome-ost\u00e9og\u00e9nique-primitif-du-reinFILEminimizer.pdf\">Sarcome ost\u00e9og\u00e9nique primitif du rein, J. Radiol., 1980<\/a><\/li><li><a href=\"http:\/\/onclepaul.net\/wp-content\/uploads\/2011\/07\/Rupture-intrap\u00e9riton\u00e9ale-kyste-dermo\u00efde-ovaire.pdf\">Rupture intrap\u00e9riton\u00e9ale kyste dermo\u00efde ovaire&nbsp;, J. Radiol., 1983<\/a><\/li><li><a href=\"http:\/\/onclepaul.net\/wp-content\/uploads\/2011\/07\/Langiomyolipome-du-rein-de-ladulteFILEminimizer.pdf\">L&rsquo;angiomyolipome du rein de l&rsquo;adulte, Est M\u00e9d., 1987<\/a><\/li><li><a href=\"http:\/\/onclepaul.net\/wp-content\/uploads\/2011\/07\/Comment-r\u00e9aliser-le-bilan-pr\u00e9-op.-dextension-dun-ADK-du-rein-en-1987FILEminimizer1.pdf\">Comment r\u00e9aliser le bilan pr\u00e9-op. d&rsquo;extension d&rsquo;un ADK du rein en 1987, Est M\u00e9d., 1987<\/a><\/li><li><a href=\"http:\/\/onclepaul.net\/wp-content\/uploads\/2011\/07\/Bilan-\u00e9cho.-dans-la-surv.-du-transplant-r\u00e9nalFILEminimizer.pdf\">Bilan \u00e9cho. dans la surv. du transplant r\u00e9nal, Ann. M\u00e9d. Nancy, 1987<\/a><\/li><li><a href=\"http:\/\/onclepaul.net\/wp-content\/uploads\/2011\/07\/Valeur-de-l\u00e9cho-et-de-la-TDM-dans-le-diagnostic-des-tumeurs-py\u00e9localiciellesFILEminimizer.pdf\">Valeur de l&rsquo;\u00e9cho et de la TDM dans le diagnostic des tumeurs py\u00e9localicielles, Ann. M\u00e9d. Nancy et de l&rsquo;Est, 1987<\/a><\/li><li><a href=\"http:\/\/onclepaul.net\/wp-content\/uploads\/2011\/07\/Tumeurs-de-la-voie-excr\u00e9trice-urinaire-hauteFILEminimizer.pdf\">Tumeurs de la voie excr\u00e9trice urinaire haute, Feuillets de Radio., 1987<\/a><\/li><li><a href=\"http:\/\/onclepaul.net\/wp-content\/uploads\/2011\/07\/Tumeurs-\u00e0-composante-graisseuse-du-reinFILEminimizer.pdf\">Tumeurs \u00e0 composante graisseuse du rein, Rev. Im. M\u00e9d., 1992<\/a><\/li><li><a href=\"http:\/\/onclepaul.net\/wp-content\/uploads\/2011\/07\/Diagnostic-et-traitement-percutan\u00e9-des-coll.-et-obstructions-urinairesFILEminimizer.pdf\">Diagnostic et traitement percutan\u00e9 des coll. et obstructions urinaires, J. Radiol., 1994<\/a><\/li><li><a href=\"http:\/\/onclepaul.net\/wp-content\/uploads\/2011\/07\/matastases-pancreatique-cancer-du-rein-J-Radiol-2003.pdf\">M\u00e9tastases pancr\u00e9atique cancer du rein J Radiol 2003<\/a><\/li><li><a href=\"http:\/\/onclepaul.net\/wp-content\/uploads\/2011\/07\/lymphome-primitif-surr%C3%A9nalien-J-Radiol-2004.pdf\">Lymphome primitif surr\u00e9nalien J Radiol 2004<\/a><\/li><li><a href=\"http:\/\/onclepaul.net\/wp-content\/uploads\/2011\/07\/angiomyolipome-epithelioide-du-reun-J-Radiol-2003.pdf\">Angiomyolipome epithelioide du rein J Radiol 2003<\/a><\/li><li><a href=\"http:\/\/onclepaul.net\/wp-content\/uploads\/2011\/07\/CE%C3%A9cho-renale-JEMU-1998.pdf\">CE \u00e9cho renale JEMU 1998<\/a><\/li><li><a href=\"http:\/\/onclepaul.net\/wp-content\/uploads\/2011\/07\/iPC-en-%C3%A9chographie-du-rein-JEMU-1998.pdf\">iPC en \u00e9chographie du rein JEMU 1998<\/a><\/li><li><a href=\"http:\/\/onclepaul.net\/wp-content\/uploads\/2011\/07\/Quid_py\u00e9lon\u00e9phrite.pdf\">Quid py\u00e9lon\u00e9phrite<\/a><a href=\"http:\/\/onclepaul.net\/wp-content\/uploads\/2011\/07\/Imagerie-des-tumeurs-fibreuses-solitaires-de-la-pl\u00e8vre.pdf\">, J. Radiol., 2001<\/a><\/li><li><a href=\"http:\/\/onclepaul.fr\/wp-content\/uploads\/2011\/07\/angiomyxome-benin-agressif.pdf\">angiomyxome benin agressif J Radiol 2013<\/a><\/li><\/ul>\n\n\n\n<p><strong>CAS CLINIQUES DIVERS<\/strong><\/p>\n\n\n\n<ul><li><a href=\"http:\/\/onclepaul.fr\/wp-content\/uploads\/2011\/07\/QUIZZ-GILLES-G-uro-01.pdf\">QUIZZ GILLES GENIN uro 01<\/a><\/li><li><a href=\"http:\/\/onclepaul.fr\/wp-content\/uploads\/2011\/07\/uro-021.pdf\">QUIZZ GILLES GENIN uro 02<\/a><\/li><li><a href=\"http:\/\/onclepaul.fr\/wp-content\/uploads\/2011\/07\/teaching-file-uro-n%C3%A9phro-DR-2016-.pdf\">Teaching-file-uro-nephro&nbsp;<\/a><\/li><\/ul>\n\n\n\n<p><\/p>\n","protected":false},"excerpt":{"rendered":"<p>PATHOLOGIES RENALES Anatomie de l&rsquo;appareil urinaire Embryologie de l&rsquo;appareil uro-g\u00e9nital Techniques d&rsquo;exploration de l&rsquo;appareil urinaire Lithiases urinaires Tumeurs r\u00e9nales solides\u00a0 Classification des masses solides du rein Tumeurs r\u00e9nales solides &#8211; RD ECN 058 tumeurs du rein Kystes et tumeurs kystiques du rein\u00a0 H\u00e9maturie et imagerie Rein infectieux\u00a0 Pathologie vasculaire du rein Rein transplant\u00e9\u00a0 Echo-Doppler des &hellip; <\/p>\n<p><a class=\"more-link btn\" href=\"https:\/\/onclepaul.fr\/?page_id=6406\">Lire la suite<\/a><\/p>\n","protected":false},"author":1,"featured_media":0,"parent":12680,"menu_order":6,"comment_status":"closed","ping_status":"closed","template":"template-onecolumn.php","meta":[],"_links":{"self":[{"href":"https:\/\/onclepaul.fr\/index.php?rest_route=\/wp\/v2\/pages\/6406"}],"collection":[{"href":"https:\/\/onclepaul.fr\/index.php?rest_route=\/wp\/v2\/pages"}],"about":[{"href":"https:\/\/onclepaul.fr\/index.php?rest_route=\/wp\/v2\/types\/page"}],"author":[{"embeddable":true,"href":"https:\/\/onclepaul.fr\/index.php?rest_route=\/wp\/v2\/users\/1"}],"replies":[{"embeddable":true,"href":"https:\/\/onclepaul.fr\/index.php?rest_route=%2Fwp%2Fv2%2Fcomments&post=6406"}],"version-history":[{"count":44,"href":"https:\/\/onclepaul.fr\/index.php?rest_route=\/wp\/v2\/pages\/6406\/revisions"}],"predecessor-version":[{"id":13450,"href":"https:\/\/onclepaul.fr\/index.php?rest_route=\/wp\/v2\/pages\/6406\/revisions\/13450"}],"up":[{"embeddable":true,"href":"https:\/\/onclepaul.fr\/index.php?rest_route=\/wp\/v2\/pages\/12680"}],"wp:attachment":[{"href":"https:\/\/onclepaul.fr\/index.php?rest_route=%2Fwp%2Fv2%2Fmedia&parent=6406"}],"curies":[{"name":"wp","href":"https:\/\/api.w.org\/{rel}","templated":true}]}}