{"id":6410,"date":"2013-03-22T09:10:04","date_gmt":"2013-03-22T08:10:04","guid":{"rendered":"http:\/\/radiologie-brabois.com\/?page_id=6410"},"modified":"2021-02-07T13:49:09","modified_gmt":"2021-02-07T12:49:09","slug":"technologie","status":"publish","type":"page","link":"https:\/\/onclepaul.fr\/?page_id=6410","title":{"rendered":"M\u00e9decine nucl\u00e9aire"},"content":{"rendered":"\n<p>si vous voulez vous initier et\/ou vous perfectionner de fa\u00e7on agr\u00e9able et ludique \u00e0 &nbsp;la m\u00e9decine nucl\u00e9aire, que vous soyez interne de m\u00e9decine nucl\u00e9aire ou de radiologie ou d&rsquo;une discipline clinique utilisant au quotidien les &nbsp;techniques d\u2019imagerie isotopiques (cardio, rhumato, endocrino\u2026), une seule adresse !!!: le nouveau site cr\u00e9\u00e9 par Erwan Gabiache&nbsp;et son ami informaticien&nbsp;Jeb, sous la bienveillante autorit\u00e9 du professeur Gilles Karcher&nbsp; chef du Pole imagerie au CHU de Nancy<\/p>\n\n\n\n<p>ce site est&nbsp;en acc\u00e8s libre \u00e0 l\u2019adresse suivante &nbsp; &nbsp; &nbsp; &nbsp; &nbsp; &nbsp; &nbsp; &nbsp;&nbsp;<a href=\"http:\/\/app.mnapp.tk\/\" target=\"_blank\" rel=\"noreferrer noopener\">App.mnapp.tk<\/a><\/p>\n\n\n\n<p>Il met &nbsp;\u00e0 votre disposition des cas cliniques illustr\u00e9s avec lecture en mode cin\u00e9 des&nbsp;images chaque fois que cela est n\u00e9cessaire.Il expose de fa\u00e7on tr\u00e8s pr\u00e9cise les techniques de lecture des informations et fait une synth\u00e8se didactique pour conclure chaque cas.<strong>COURS MEDECINE NUCLEAIRE &#8211; DES IMAGERIE<\/strong><\/p>\n\n\n\n<ul><li><a href=\"http:\/\/onclepaul.net\/wp-content\/uploads\/2012\/04\/ED-PCEM2-MEDECINE-NUCLEAIREFILEminimizer.pps\">Introduction \u00e0 la m\u00e9decine nucl\u00e9aire ED PCEM 2<\/a><\/li><li><a href=\"http:\/\/onclepaul.net\/wp-content\/uploads\/2012\/04\/SCINTIGRAPHIE-OSSEUSE-fannyFILEminimizer.pps\">Scintigraphie osseuse<\/a><\/li><li><a href=\"http:\/\/onclepaul.net\/wp-content\/uploads\/2012\/04\/THYROIDE-MED-NUCL-FN-2010.pptFILEminimizer.pps\">Scintigraphie thyro\u00efdienne<\/a><\/li><li><a href=\"http:\/\/onclepaul.net\/wp-content\/uploads\/2012\/04\/hyperthyro\u00efdies-et-imagerie-2011FILEminimizer.pps\">Hyperthyro\u00efdies cas cliniques \u00a0et imagerie\u00a0<\/a><\/li><li><a href=\"http:\/\/onclepaul.net\/wp-content\/uploads\/2012\/04\/ScintiPulm_N.Didot_fev2012FILEminimizer.pps\">Tomoscintigraphie pulmonaire\u00a0<\/a><\/li><li><a href=\"http:\/\/onclepaul.net\/wp-content\/uploads\/2012\/04\/Cours-cardio-MNFILEminimizer.pps\">Scintigraphie myocardique \u00a0IRM cardiaque<\/a><\/li><li><a href=\"http:\/\/onclepaul.net\/wp-content\/uploads\/2011\/07\/Cours-cardio-MNFILEminimizer1.pps\">IRM et scintigraphie myocardiques<\/a><\/li><li><a href=\"http:\/\/onclepaul.net\/wp-content\/uploads\/2012\/04\/TEP-au-18F-FDGFILEminimizer.pps\">TEP au 18F-FDG<\/a><\/li><li><a href=\"http:\/\/onclepaul.net\/wp-content\/uploads\/2011\/07\/TEP-Fdg-Dopa-mars12-N.DidotFILEminimizer.pps\">TEP 18 FDG et 18F DOPA\u00a0<\/a><\/li><li><a href=\"http:\/\/onclepaul.net\/wp-content\/uploads\/2012\/04\/cas-cliniques-TEP-externes-2011FILEminimizer.pps\">TEP cas cliniques\u00a0<\/a><\/li><li><a href=\"http:\/\/onclepaul.net\/wp-content\/uploads\/2011\/07\/Nouveaux-traceurs-TEPFILEminimizer.pps\">Nouveaux \u00a0traceurs TEP<\/a><\/li><li><a href=\"http:\/\/onclepaul.net\/wp-content\/uploads\/2012\/04\/TepCholine_ND_avril2012FILEminimizer.pps\">TEP 18 F Choline<\/a><\/li><\/ul>\n\n\n\n<p><strong>COURS OPTIONNEL MEDECINE NUCLEAIRE TEP &nbsp;CT &#8211; DES MEDECINE NUCLEAIRE&nbsp;<\/strong><\/p>\n\n\n\n<ul><li><a href=\"http:\/\/onclepaul.net\/wp-content\/uploads\/2012\/04\/Radio-Anatomie-ORL2012MNFILEminimizer.pps\">ORL radio-anatomie TEP CT<\/a><\/li><li><a href=\"http:\/\/onclepaul.net\/wp-content\/uploads\/2012\/04\/OptionnelMN-ORL-Cas-cliniques-2012-NDFILEminimizer.pps\">ORL cas cliniques \u00a0 TEP CT<\/a><\/li><li><a href=\"http:\/\/onclepaul.net\/wp-content\/uploads\/2011\/07\/anat-thorax-2012-AO+NDFILEminimizer.pps\">Thorax TEP CT<\/a><\/li><li><a href=\"http:\/\/onclepaul.net\/wp-content\/uploads\/2012\/04\/OptionnelMN-FoiePancr\u00e9as-2012-FJ-NDFILEminimizer.pps\">Foie pancr\u00e9as TEP CT<\/a><\/li><li><a href=\"http:\/\/onclepaul.net\/wp-content\/uploads\/2011\/07\/OptionnelMN-ColonRectum-2012-FJ-NDFILEminimizer.pps\">Colon rectum TEP CT<\/a><\/li><li><a href=\"http:\/\/onclepaul.net\/wp-content\/uploads\/2011\/07\/OptionnelMN-PeritoineRetroperitoine-2012-FJ-NDFILEminimizer.pps\">P\u00e9ritoine r\u00e9trop\u00e9ritoine TEP CT<\/a><\/li><\/ul>\n\n\n\n<p><strong>COURS OPTIONNEL MEDECINE NUCLEAIRE TEP &nbsp;CT &#8211; DES MEDECINE NUCLEAIRE&nbsp;<\/strong><\/p>\n\n\n\n<ul><li><a href=\"http:\/\/onclepaul.net\/wp-content\/uploads\/2011\/07\/Radio-Anatomie-ORL.pdf\">Radio-anatomie ORL<\/a><\/li><li><a href=\"http:\/\/onclepaul.net\/wp-content\/uploads\/2011\/07\/radioanat-ORL.pdf\">Cas cliniques ORL\u00a0<\/a><\/li><li><a href=\"http:\/\/onclepaul.net\/wp-content\/uploads\/2011\/07\/Radioanatomie-thorax-.pdf\">Radio-anatomie thorax<\/a><\/li><li><a href=\"http:\/\/onclepaul.net\/wp-content\/uploads\/2011\/07\/p\u00e9ritoine-.pdf\">Radio-anatomie p\u00e9ritoine<\/a><\/li><li><a href=\"http:\/\/onclepaul.net\/wp-content\/uploads\/2011\/07\/tube-digestif-.pdf\">Radio-anatomie tube digestif<\/a><\/li><li><a href=\"http:\/\/onclepaul.net\/wp-content\/uploads\/2011\/07\/Foie-Pancr\u00e9as-Rate.pdf\">Radio-anatomie foie pancr\u00e9as rate<\/a><\/li><li><a href=\"http:\/\/onclepaul.net\/wp-content\/uploads\/2011\/07\/RETROPERITOINE-PELVIS-.pdf\">Radio-anatomie r\u00e9trop\u00e9ritoine-pelvis<\/a><\/li><\/ul>\n\n\n\n<p><strong>SUJETS D&rsquo;ACTUALITE ET MISES AU POINT<\/strong><\/p>\n\n\n\n<ul><li><a href=\"http:\/\/onclepaul.fr\/wp-content\/uploads\/2011\/07\/Pr\u00e9sentationKthyr.pdf\">Suivi d&rsquo;un carcinome thyro\u00efdien diff\u00e9renci\u00e9 \u00a0en m\u00e9decine nucl\u00e9aire<\/a><\/li><\/ul>\n\n\n\n<ul><li><a href=\"http:\/\/onclepaul.fr\/wp-content\/uploads\/2011\/07\/Pr\u00e9sentationKthyr.pdf\">Carcinome thyro\u00efdien diff\u00e9renci\u00e9<\/a> <a href=\"http:\/\/onclepaul.fr\/wp-content\/uploads\/2011\/07\/Pr\u00e9sentationKthyr.pdf\">\u00a0m\u00e9decine nucl\u00e9aire<\/a><\/li><li><a href=\"http:\/\/onclepaul.fr\/wp-content\/uploads\/2011\/07\/TEP-et-lymphomes-crit\u00e8res-de-Lugano.pdf\">TEP et lymphomes crit\u00e8res de Lugano<\/a><\/li><li><a href=\"http:\/\/onclepaul.fr\/wp-content\/uploads\/2011\/07\/CE-PET-CT-et-carcinome-ovarien1.pdf\">CE PET CT et carcinome ovarien<\/a><\/li><\/ul>\n","protected":false},"excerpt":{"rendered":"<p>si vous voulez vous initier et\/ou vous perfectionner de fa\u00e7on agr\u00e9able et ludique \u00e0 &nbsp;la m\u00e9decine nucl\u00e9aire, que vous soyez interne de m\u00e9decine nucl\u00e9aire ou de radiologie ou d&rsquo;une discipline clinique utilisant au quotidien les &nbsp;techniques d\u2019imagerie isotopiques (cardio, rhumato, endocrino\u2026), une seule adresse !!!: le nouveau site cr\u00e9\u00e9 par Erwan Gabiache&nbsp;et son ami informaticien&nbsp;Jeb, &hellip; <\/p>\n<p><a class=\"more-link btn\" href=\"https:\/\/onclepaul.fr\/?page_id=6410\">Lire la suite<\/a><\/p>\n","protected":false},"author":1,"featured_media":0,"parent":12680,"menu_order":10,"comment_status":"closed","ping_status":"closed","template":"template-onecolumn.php","meta":[],"_links":{"self":[{"href":"https:\/\/onclepaul.fr\/index.php?rest_route=\/wp\/v2\/pages\/6410"}],"collection":[{"href":"https:\/\/onclepaul.fr\/index.php?rest_route=\/wp\/v2\/pages"}],"about":[{"href":"https:\/\/onclepaul.fr\/index.php?rest_route=\/wp\/v2\/types\/page"}],"author":[{"embeddable":true,"href":"https:\/\/onclepaul.fr\/index.php?rest_route=\/wp\/v2\/users\/1"}],"replies":[{"embeddable":true,"href":"https:\/\/onclepaul.fr\/index.php?rest_route=%2Fwp%2Fv2%2Fcomments&post=6410"}],"version-history":[{"count":18,"href":"https:\/\/onclepaul.fr\/index.php?rest_route=\/wp\/v2\/pages\/6410\/revisions"}],"predecessor-version":[{"id":12937,"href":"https:\/\/onclepaul.fr\/index.php?rest_route=\/wp\/v2\/pages\/6410\/revisions\/12937"}],"up":[{"embeddable":true,"href":"https:\/\/onclepaul.fr\/index.php?rest_route=\/wp\/v2\/pages\/12680"}],"wp:attachment":[{"href":"https:\/\/onclepaul.fr\/index.php?rest_route=%2Fwp%2Fv2%2Fmedia&parent=6410"}],"curies":[{"name":"wp","href":"https:\/\/api.w.org\/{rel}","templated":true}]}}